{"id":2003,"date":"2017-01-12T10:35:29","date_gmt":"2017-01-12T08:35:29","guid":{"rendered":"http:\/\/kustr.org\/kusatlasi\/?page_id=2003"},"modified":"2018-09-12T04:45:21","modified_gmt":"2018-09-12T01:45:21","slug":"kayit-girisi","status":"publish","type":"page","link":"http:\/\/kustr.org\/kusatlasi\/saha-calismalari\/kayit-girisi\/","title":{"rendered":"Kay\u0131t Giri\u015fi"},"content":{"rendered":"\n<p><\/p>\n\n\n<p>Arazi sonras\u0131nda kay\u0131tlar eBird\u2019e girilir.\u00a0G\u00f6zlemciler arazi kay\u0131t formlar\u0131n\u0131 tarayarak veya foto\u011fraf\u0131n\u0131 \u00e7ekerek Atlas ekibine g\u00f6nderir.G\u00f6zlemciler ku\u015f sesleriyle dolu keyifli \u00fc\u00e7 g\u00fcn\u00fcn ard\u0131ndan, kapsaml\u0131 ve herkese a\u00e7\u0131k bir veri envanterine katk\u0131da bulunman\u0131n mutlulu\u011funu ya\u015far.<\/p>\n<figure id=\"attachment_1042\" class=\"wp-caption aligncenter\"><img decoding=\"async\" loading=\"lazy\" class=\"wp-image-1042 size-large tie-appear\" src=\"http:\/\/kustr.org\/kusatlasi\/wp-content\/uploads\/2016\/05\/20160531_202117-1-730x1024.jpg\" sizes=\"(max-width: 618px) 100vw, 618px\" srcset=\"http:\/\/kustr.org\/kusatlasi\/wp-content\/uploads\/2016\/05\/20160531_202117-1-730x1024.jpg 730w, http:\/\/kustr.org\/kusatlasi\/wp-content\/uploads\/2016\/05\/20160531_202117-1-214x300.jpg 214w, http:\/\/kustr.org\/kusatlasi\/wp-content\/uploads\/2016\/05\/20160531_202117-1-768x1077.jpg 768w\" alt=\"20160531_202117\" width=\"618\" height=\"867\" \/>\n<figcaption class=\"wp-caption-text\"><\/figcaption>\n<\/figure>\n\n\n<figure class=\"wp-block-embed is-type-wp-embed is-provider-turkiye-ureyen-kus-atlasi\">\n<blockquote class=\"wp-embedded-content\" data-secret=\"MxKJFRdXC2\"><a href=\"http:\/\/kustr.org\/kusatlasi\/2016\/11\/ebird-kayit-girisi\/\">eBird Kay\u0131t Giri\u015fi<\/a><\/blockquote><iframe class=\"wp-embedded-content\" sandbox=\"allow-scripts\" security=\"restricted\" style=\"position: absolute; clip: rect(1px, 1px, 1px, 1px);\" src=\"http:\/\/kustr.org\/kusatlasi\/2016\/11\/ebird-kayit-girisi\/embed\/#?secret=MxKJFRdXC2\" data-secret=\"MxKJFRdXC2\" width=\"600\" height=\"338\" title=\"&#8220;eBird Kay\u0131t Giri\u015fi&#8221; &#8212; T\u00fcrkiye \u00dcreyen Ku\u015f Atlas\u0131\" frameborder=\"0\" marginwidth=\"0\" marginheight=\"0\" scrolling=\"no\"><\/iframe>\n<\/figure>\n\n\n\n<figure class=\"wp-block-embed-youtube wp-block-embed is-type-video is-provider-youtube\">\n<iframe loading=\"lazy\" width=\"625\" height=\"352\" src=\"https:\/\/www.youtube.com\/embed\/8r6Y_7nzOAo?feature=oembed\" frameborder=\"0\" allow=\"autoplay; encrypted-media\" allowfullscreen><\/iframe>\n<\/figure>\n","protected":false},"excerpt":{"rendered":"<p>Arazi sonras\u0131nda kay\u0131tlar eBird\u2019e girilir.\u00a0G\u00f6zlemciler arazi kay\u0131t formlar\u0131n\u0131 tarayarak veya foto\u011fraf\u0131n\u0131 \u00e7ekerek Atlas ekibine g\u00f6nderir.G\u00f6zlemciler ku\u015f sesleriyle dolu keyifli \u00fc\u00e7 g\u00fcn\u00fcn ard\u0131ndan, kapsaml\u0131 ve herkese a\u00e7\u0131k bir veri envanterine katk\u0131da bulunman\u0131n mutlulu\u011funu ya\u015far.<\/p>\n","protected":false},"author":8,"featured_media":0,"parent":3048,"menu_order":0,"comment_status":"closed","ping_status":"closed","template":"","meta":[],"_links":{"self":[{"href":"http:\/\/kustr.org\/kusatlasi\/wp-json\/wp\/v2\/pages\/2003"}],"collection":[{"href":"http:\/\/kustr.org\/kusatlasi\/wp-json\/wp\/v2\/pages"}],"about":[{"href":"http:\/\/kustr.org\/kusatlasi\/wp-json\/wp\/v2\/types\/page"}],"author":[{"embeddable":true,"href":"http:\/\/kustr.org\/kusatlasi\/wp-json\/wp\/v2\/users\/8"}],"replies":[{"embeddable":true,"href":"http:\/\/kustr.org\/kusatlasi\/wp-json\/wp\/v2\/comments?post=2003"}],"version-history":[{"count":5,"href":"http:\/\/kustr.org\/kusatlasi\/wp-json\/wp\/v2\/pages\/2003\/revisions"}],"predecessor-version":[{"id":3162,"href":"http:\/\/kustr.org\/kusatlasi\/wp-json\/wp\/v2\/pages\/2003\/revisions\/3162"}],"up":[{"embeddable":true,"href":"http:\/\/kustr.org\/kusatlasi\/wp-json\/wp\/v2\/pages\/3048"}],"wp:attachment":[{"href":"http:\/\/kustr.org\/kusatlasi\/wp-json\/wp\/v2\/media?parent=2003"}],"curies":[{"name":"wp","href":"https:\/\/api.w.org\/{rel}","templated":true}]}}