{"id":2014,"date":"2017-01-12T10:50:34","date_gmt":"2017-01-12T08:50:34","guid":{"rendered":"http:\/\/kustr.org\/kusatlasi\/?page_id=2014"},"modified":"2019-12-03T15:34:16","modified_gmt":"2019-12-03T13:34:16","slug":"mobil-uygulamalar","status":"publish","type":"page","link":"http:\/\/kustr.org\/kusatlasi\/mobil-uygulamalar\/","title":{"rendered":"Mobil Uygulamalar"},"content":{"rendered":"<p>Sizleri\u00a0Ku\u015f Atlas\u0131 projesinde kullanmaya ba\u015flad\u0131\u011f\u0131m\u0131z \u00e7ok yeni bir uygulamayla tan\u0131\u015ft\u0131rmak istiyoruz: PDF Maps (g\u00fcncel ad\u0131 Avenza Maps)! Bu uygulama sayesinde GPS ve Haritay\u0131 bir arada g\u00f6rebilirsiniz. Uygulamay\u0131 indirmek i\u00e7in <a href=\"http:\/\/www.avenza.com\/pdf-maps\">buraya t\u0131klayabilirsiniz<\/a>.<br \/>\nPDF Maps&#8217;in kullan\u0131m\u0131 \u00e7ok kolay ve keyifli. Temel GPS ve Harita okuma bilgisini burada da kullan\u0131yoruz. Ancak bu uygulamayla daha \u00f6nce arazi \u00e7al\u0131\u015fmas\u0131 icin yaz\u0131c\u0131dan \u00e7\u0131karmak zorunda oldu\u011fumuz 10x10km2 ve 50x50km2&#8217;lik alan haritalar\u0131n\u0131 telefonda g\u00f6rebiliyoruz .<br \/>\nHaritay\u0131 uygulamada a\u00e7t\u0131\u011f\u0131m\u0131zda konumumuzu g\u00f6steren yer i\u015fareti sayesinde hangi 1x1km2 veya 10x10km2 i\u00e7inde oldu\u011fumuzu g\u00f6rmek m\u00fcmk\u00fcn.<br \/>\nSistem \u015fu \u015fekilde i\u015fliyor :<\/p>\n<ul>\n<li>G\u00f6n\u00fcll\u00fc karesini (50x50km2) se\u00e7er,<\/li>\n<li>Atlas ekibi se\u00e7ilen haritay\u0131 g\u00f6nderir,<\/li>\n<li>G\u00f6n\u00fcll\u00fc haritay\u0131 telefonuna y\u00fckledi\u011fi PDF Maps uygulamas\u0131yla a\u00e7ar.<\/li>\n<\/ul>\n<p>Bu uygulaman\u0131n telefondaki kullan\u0131m\u0131n\u0131 a\u015fa\u011f\u0131daki ad\u0131mlarla a\u00e7\u0131klamaya \u00e7al\u0131\u015ft\u0131k.<\/p>\n<p>Haritay\u0131 a\u00e7mak i\u00e7in;<\/p>\n<p><strong>1. PDF format\u0131ndaki haritay\u0131 PDF maps ile payla\u015f\u0131n.<\/strong><\/p>\n<ul>\n<li>Daha \u00f6nce yollad\u0131\u011f\u0131m\u0131z pdf haritalar co\u011frafi bilgi sistemi referanslar\u0131 olmad\u0131\u011f\u0131 i\u00e7in bu uygulamada a\u00e7\u0131lmayacakt\u0131r. L\u00fctfen uygulamayla uyumlu haritalari proje ekibinden isteyiniz!<\/li>\n<\/ul>\n<div id=\"attachment_915\" style=\"width: 256px\" class=\"wp-caption aligncenter\"><a href=\"http:\/\/kustr.org\/kusatlasi\/wp-content\/uploads\/2016\/05\/Screenshot_2016-05-05-20-43-58.png\"><img aria-describedby=\"caption-attachment-915\" decoding=\"async\" loading=\"lazy\" class=\"wp-image-915 \" src=\"http:\/\/kustr.org\/kusatlasi\/wp-content\/uploads\/2016\/05\/Screenshot_2016-05-05-20-43-58-576x1024.png\" alt=\"Screenshot_2016-05-05-20-43-58\" width=\"246\" height=\"437\" srcset=\"http:\/\/kustr.org\/kusatlasi\/wp-content\/uploads\/2016\/05\/Screenshot_2016-05-05-20-43-58-576x1024.png 576w, http:\/\/kustr.org\/kusatlasi\/wp-content\/uploads\/2016\/05\/Screenshot_2016-05-05-20-43-58-169x300.png 169w, http:\/\/kustr.org\/kusatlasi\/wp-content\/uploads\/2016\/05\/Screenshot_2016-05-05-20-43-58-768x1365.png 768w, http:\/\/kustr.org\/kusatlasi\/wp-content\/uploads\/2016\/05\/Screenshot_2016-05-05-20-43-58.png 900w\" sizes=\"(max-width: 246px) 100vw, 246px\" \/><\/a><p id=\"caption-attachment-915\" class=\"wp-caption-text\">Resim 1. Proje ekibinin size g\u00f6nderdi\u011fi haritalar\u0131 telefonunuza indirin<\/p><\/div>\n<div id=\"attachment_916\" style=\"width: 256px\" class=\"wp-caption aligncenter\"><a href=\"http:\/\/kustr.org\/kusatlasi\/wp-content\/uploads\/2016\/05\/Screenshot_2016-05-05-20-44-21.png\"><img aria-describedby=\"caption-attachment-916\" decoding=\"async\" loading=\"lazy\" class=\"wp-image-916 \" src=\"http:\/\/kustr.org\/kusatlasi\/wp-content\/uploads\/2016\/05\/Screenshot_2016-05-05-20-44-21-576x1024.png\" alt=\"Screenshot_2016-05-05-20-44-21\" width=\"246\" height=\"437\" srcset=\"http:\/\/kustr.org\/kusatlasi\/wp-content\/uploads\/2016\/05\/Screenshot_2016-05-05-20-44-21-576x1024.png 576w, http:\/\/kustr.org\/kusatlasi\/wp-content\/uploads\/2016\/05\/Screenshot_2016-05-05-20-44-21-169x300.png 169w, http:\/\/kustr.org\/kusatlasi\/wp-content\/uploads\/2016\/05\/Screenshot_2016-05-05-20-44-21-768x1365.png 768w, http:\/\/kustr.org\/kusatlasi\/wp-content\/uploads\/2016\/05\/Screenshot_2016-05-05-20-44-21.png 900w\" sizes=\"(max-width: 246px) 100vw, 246px\" \/><\/a><p id=\"caption-attachment-916\" class=\"wp-caption-text\">Resim 2. Sa\u011f alt k\u00f6\u015fesindeki i\u015farete dokunarak payla\u015f\u0131n<\/p><\/div>\n<div id=\"attachment_917\" style=\"width: 256px\" class=\"wp-caption aligncenter\"><a href=\"http:\/\/kustr.org\/kusatlasi\/wp-content\/uploads\/2016\/05\/Screenshot_2016-05-05-20-44-33.png\"><img aria-describedby=\"caption-attachment-917\" decoding=\"async\" loading=\"lazy\" class=\"wp-image-917\" src=\"http:\/\/kustr.org\/kusatlasi\/wp-content\/uploads\/2016\/05\/Screenshot_2016-05-05-20-44-33-576x1024.png\" alt=\"Screenshot_2016-05-05-20-44-33\" width=\"246\" height=\"437\" srcset=\"http:\/\/kustr.org\/kusatlasi\/wp-content\/uploads\/2016\/05\/Screenshot_2016-05-05-20-44-33-576x1024.png 576w, http:\/\/kustr.org\/kusatlasi\/wp-content\/uploads\/2016\/05\/Screenshot_2016-05-05-20-44-33-169x300.png 169w, http:\/\/kustr.org\/kusatlasi\/wp-content\/uploads\/2016\/05\/Screenshot_2016-05-05-20-44-33-768x1365.png 768w, http:\/\/kustr.org\/kusatlasi\/wp-content\/uploads\/2016\/05\/Screenshot_2016-05-05-20-44-33.png 900w\" sizes=\"(max-width: 246px) 100vw, 246px\" \/><\/a><p id=\"caption-attachment-917\" class=\"wp-caption-text\">Resim 3<\/p><\/div>\n<div id=\"attachment_918\" style=\"width: 256px\" class=\"wp-caption aligncenter\"><a href=\"http:\/\/kustr.org\/kusatlasi\/wp-content\/uploads\/2016\/05\/Screenshot_2016-05-05-20-44-40.png\"><img aria-describedby=\"caption-attachment-918\" decoding=\"async\" loading=\"lazy\" class=\"wp-image-918 \" src=\"http:\/\/kustr.org\/kusatlasi\/wp-content\/uploads\/2016\/05\/Screenshot_2016-05-05-20-44-40-576x1024.png\" alt=\"Screenshot_2016-05-05-20-44-40\" width=\"246\" height=\"437\" srcset=\"http:\/\/kustr.org\/kusatlasi\/wp-content\/uploads\/2016\/05\/Screenshot_2016-05-05-20-44-40-576x1024.png 576w, http:\/\/kustr.org\/kusatlasi\/wp-content\/uploads\/2016\/05\/Screenshot_2016-05-05-20-44-40-169x300.png 169w, http:\/\/kustr.org\/kusatlasi\/wp-content\/uploads\/2016\/05\/Screenshot_2016-05-05-20-44-40-768x1365.png 768w, http:\/\/kustr.org\/kusatlasi\/wp-content\/uploads\/2016\/05\/Screenshot_2016-05-05-20-44-40.png 900w\" sizes=\"(max-width: 246px) 100vw, 246px\" \/><\/a><p id=\"caption-attachment-918\" class=\"wp-caption-text\">Resim 4. PDF maps uygulamas\u0131n\u0131 se\u00e7in<\/p><\/div>\n<p><strong>2. Uygulamada haritay\u0131 bulun ve y\u00fcklemeyi yap\u0131n.<\/strong><\/p>\n<div id=\"attachment_919\" style=\"width: 256px\" class=\"wp-caption aligncenter\"><a href=\"http:\/\/kustr.org\/kusatlasi\/wp-content\/uploads\/2016\/05\/Screenshot_2016-05-05-20-45-22.png\"><img aria-describedby=\"caption-attachment-919\" decoding=\"async\" loading=\"lazy\" class=\"wp-image-919 \" src=\"http:\/\/kustr.org\/kusatlasi\/wp-content\/uploads\/2016\/05\/Screenshot_2016-05-05-20-45-22-576x1024.png\" alt=\"Screenshot_2016-05-05-20-45-22\" width=\"246\" height=\"437\" srcset=\"http:\/\/kustr.org\/kusatlasi\/wp-content\/uploads\/2016\/05\/Screenshot_2016-05-05-20-45-22-576x1024.png 576w, http:\/\/kustr.org\/kusatlasi\/wp-content\/uploads\/2016\/05\/Screenshot_2016-05-05-20-45-22-169x300.png 169w, http:\/\/kustr.org\/kusatlasi\/wp-content\/uploads\/2016\/05\/Screenshot_2016-05-05-20-45-22-768x1365.png 768w, http:\/\/kustr.org\/kusatlasi\/wp-content\/uploads\/2016\/05\/Screenshot_2016-05-05-20-45-22.png 900w\" sizes=\"(max-width: 246px) 100vw, 246px\" \/><\/a><p id=\"caption-attachment-919\" class=\"wp-caption-text\">Resim 5. Uygulamada buldu\u011funuz haritay\u0131 etkinle\u015ftirin (UTM_36STF3 haritas\u0131)<\/p><\/div>\n<div id=\"attachment_920\" style=\"width: 256px\" class=\"wp-caption aligncenter\"><a href=\"http:\/\/kustr.org\/kusatlasi\/wp-content\/uploads\/2016\/05\/Screenshot_2016-05-05-20-45-26.png\"><img aria-describedby=\"caption-attachment-920\" decoding=\"async\" loading=\"lazy\" class=\"wp-image-920 \" src=\"http:\/\/kustr.org\/kusatlasi\/wp-content\/uploads\/2016\/05\/Screenshot_2016-05-05-20-45-26-576x1024.png\" alt=\"Screenshot_2016-05-05-20-45-26\" width=\"246\" height=\"437\" srcset=\"http:\/\/kustr.org\/kusatlasi\/wp-content\/uploads\/2016\/05\/Screenshot_2016-05-05-20-45-26-576x1024.png 576w, http:\/\/kustr.org\/kusatlasi\/wp-content\/uploads\/2016\/05\/Screenshot_2016-05-05-20-45-26-169x300.png 169w, http:\/\/kustr.org\/kusatlasi\/wp-content\/uploads\/2016\/05\/Screenshot_2016-05-05-20-45-26-768x1365.png 768w, http:\/\/kustr.org\/kusatlasi\/wp-content\/uploads\/2016\/05\/Screenshot_2016-05-05-20-45-26.png 900w\" sizes=\"(max-width: 246px) 100vw, 246px\" \/><\/a><p id=\"caption-attachment-920\" class=\"wp-caption-text\">Resim 6. Etkinle\u015ftiriliyor<\/p><\/div>\n<p><strong>3. Haritay\u0131 a\u00e7\u0131n.<\/strong><\/p>\n<div id=\"attachment_914\" style=\"width: 256px\" class=\"wp-caption aligncenter\"><a href=\"http:\/\/kustr.org\/kusatlasi\/wp-content\/uploads\/2016\/05\/Screenshot_2016-05-05-20-42-46.png\"><img aria-describedby=\"caption-attachment-914\" decoding=\"async\" loading=\"lazy\" class=\"wp-image-914 \" src=\"http:\/\/kustr.org\/kusatlasi\/wp-content\/uploads\/2016\/05\/Screenshot_2016-05-05-20-42-46-576x1024.png\" alt=\"Screenshot_2016-05-05-20-42-46\" width=\"246\" height=\"437\" srcset=\"http:\/\/kustr.org\/kusatlasi\/wp-content\/uploads\/2016\/05\/Screenshot_2016-05-05-20-42-46-576x1024.png 576w, http:\/\/kustr.org\/kusatlasi\/wp-content\/uploads\/2016\/05\/Screenshot_2016-05-05-20-42-46-169x300.png 169w, http:\/\/kustr.org\/kusatlasi\/wp-content\/uploads\/2016\/05\/Screenshot_2016-05-05-20-42-46-768x1365.png 768w, http:\/\/kustr.org\/kusatlasi\/wp-content\/uploads\/2016\/05\/Screenshot_2016-05-05-20-42-46.png 900w\" sizes=\"(max-width: 246px) 100vw, 246px\" \/><\/a><p id=\"caption-attachment-914\" class=\"wp-caption-text\">Resim 7. Harita uygulamada a\u00e7\u0131ld\u0131<\/p><\/div>\n<h3>Haritay\u0131 \u0130ncelerken Bilinmesi Gereken \u00d6nemli Noktalar:<\/h3>\n<ul>\n<li>Uygulamada a\u00e7t\u0131\u011f\u0131n\u0131z haritan\u0131n s\u0131n\u0131rlar\u0131 i\u00e7indeyseniz konum i\u015faretini harita \u00fczerinde g\u00f6rebilirsiniz. (Google Maps\u2019 teki konum i\u015fareti bu uygulamada da var).<br \/>\nBir ba\u015fka deyi\u015fle uygulama ancak a\u00e7t\u0131\u011f\u0131n\u0131z haritan\u0131n s\u0131n\u0131rlar\u0131 i\u00e7indeyseniz i\u015flev g\u00f6r\u00fcr.<\/li>\n<li>Uygulaman\u0131n \u00e7al\u0131\u015fmas\u0131 i\u00e7in telefonun konum bilgisinin a\u00e7\u0131k olmas\u0131 yeterlidir.<\/li>\n<\/ul>\n<p>Haritay\u0131 a\u00e7\u0131nca sayfan\u0131n ortas\u0131nda ve \u00fcst tarafta (android telefon i\u00e7in) daire \u015feklindeki imlecin bulundu\u011fu yerin konumunu veren bir koordinat de\u011feri g\u00f6r\u00fcl\u00fcr. Ekran\u0131n sol \u00fcst k\u00f6\u015fesinde bulunan i\u00e7i bo\u015f daireye dokundu\u011funuzda bu de\u011fer sizin konumunuzu g\u00f6sterir.<br \/>\nIOS telefonlarda ekran\u0131n sol alt k\u00f6\u015fesinde bulunan okun i\u00e7i bo\u015f hale gelene kadar bir ka\u00e7 kere oka dokunmak gerekmektedir. Daire \u015feklindeki imle\u00e7 konum i\u015faretinin tam ortas\u0131na geldi\u011finde bulundu\u011funuz konumun koordinat\u0131n\u0131 g\u00f6rebilirsiniz.<\/p>\n<ul>\n<li>Daire \u015feklindeki imle\u00e7 haritada neredeyse oran\u0131n koordinat\u0131n\u0131 g\u00f6r\u00fcrs\u00fcn\u00fcz.<\/li>\n<\/ul>\n<div id=\"attachment_925\" style=\"width: 256px\" class=\"wp-caption aligncenter\"><a href=\"http:\/\/kustr.org\/kusatlasi\/wp-content\/uploads\/2016\/05\/Screenshot_2016-05-06-19-24-08-1.png\"><img aria-describedby=\"caption-attachment-925\" decoding=\"async\" loading=\"lazy\" class=\"wp-image-925 \" src=\"http:\/\/kustr.org\/kusatlasi\/wp-content\/uploads\/2016\/05\/Screenshot_2016-05-06-19-24-08-1-576x1024.png\" alt=\"Screenshot_2016-05-06-19-24-08\" width=\"246\" height=\"437\" srcset=\"http:\/\/kustr.org\/kusatlasi\/wp-content\/uploads\/2016\/05\/Screenshot_2016-05-06-19-24-08-1-576x1024.png 576w, http:\/\/kustr.org\/kusatlasi\/wp-content\/uploads\/2016\/05\/Screenshot_2016-05-06-19-24-08-1-169x300.png 169w, http:\/\/kustr.org\/kusatlasi\/wp-content\/uploads\/2016\/05\/Screenshot_2016-05-06-19-24-08-1-768x1365.png 768w, http:\/\/kustr.org\/kusatlasi\/wp-content\/uploads\/2016\/05\/Screenshot_2016-05-06-19-24-08-1.png 900w\" sizes=\"(max-width: 246px) 100vw, 246px\" \/><\/a><p id=\"caption-attachment-925\" class=\"wp-caption-text\">Resim 8. Konum i\u015fareti ve imle\u00e7 \u00fcst \u00fcste<\/p><\/div>\n<ul>\n<li>Koordinat bilgisi veren de\u011fere dokunarak en alttaki MGRS\/USNG format\u0131n\u0131 se\u00e7in.<\/li>\n<\/ul>\n<div id=\"attachment_914\" style=\"width: 256px\" class=\"wp-caption aligncenter\"><a href=\"http:\/\/kustr.org\/kusatlasi\/wp-content\/uploads\/2016\/05\/Screenshot_2016-05-05-20-42-46.png\"><img aria-describedby=\"caption-attachment-914\" decoding=\"async\" loading=\"lazy\" class=\" wp-image-914\" src=\"http:\/\/kustr.org\/kusatlasi\/wp-content\/uploads\/2016\/05\/Screenshot_2016-05-05-20-42-46-576x1024.png\" alt=\"Foto 9: MGRS\/USNG se\u00e7ene\u011fini se\u00e7iniz \" width=\"246\" height=\"437\" srcset=\"http:\/\/kustr.org\/kusatlasi\/wp-content\/uploads\/2016\/05\/Screenshot_2016-05-05-20-42-46-576x1024.png 576w, http:\/\/kustr.org\/kusatlasi\/wp-content\/uploads\/2016\/05\/Screenshot_2016-05-05-20-42-46-169x300.png 169w, http:\/\/kustr.org\/kusatlasi\/wp-content\/uploads\/2016\/05\/Screenshot_2016-05-05-20-42-46-768x1365.png 768w, http:\/\/kustr.org\/kusatlasi\/wp-content\/uploads\/2016\/05\/Screenshot_2016-05-05-20-42-46.png 900w\" sizes=\"(max-width: 246px) 100vw, 246px\" \/><\/a><p id=\"caption-attachment-914\" class=\"wp-caption-text\">Foto 9. MGRS\/USNG se\u00e7ene\u011fini se\u00e7iniz<\/p><\/div>\n<h2><\/h2>\n","protected":false},"excerpt":{"rendered":"<p>Sizleri\u00a0Ku\u015f Atlas\u0131 projesinde kullanmaya ba\u015flad\u0131\u011f\u0131m\u0131z \u00e7ok yeni bir uygulamayla tan\u0131\u015ft\u0131rmak istiyoruz: PDF Maps (g\u00fcncel ad\u0131 Avenza Maps)! Bu uygulama sayesinde GPS ve Haritay\u0131 bir arada g\u00f6rebilirsiniz. Uygulamay\u0131 indirmek i\u00e7in buraya t\u0131klayabilirsiniz. PDF Maps&#8217;in kullan\u0131m\u0131 \u00e7ok kolay ve keyifli. Temel GPS ve Harita okuma bilgisini burada da kullan\u0131yoruz. Ancak bu uygulamayla daha \u00f6nce arazi \u00e7al\u0131\u015fmas\u0131 icin [&hellip;]<\/p>\n","protected":false},"author":8,"featured_media":0,"parent":0,"menu_order":0,"comment_status":"closed","ping_status":"closed","template":"","meta":[],"_links":{"self":[{"href":"http:\/\/kustr.org\/kusatlasi\/wp-json\/wp\/v2\/pages\/2014"}],"collection":[{"href":"http:\/\/kustr.org\/kusatlasi\/wp-json\/wp\/v2\/pages"}],"about":[{"href":"http:\/\/kustr.org\/kusatlasi\/wp-json\/wp\/v2\/types\/page"}],"author":[{"embeddable":true,"href":"http:\/\/kustr.org\/kusatlasi\/wp-json\/wp\/v2\/users\/8"}],"replies":[{"embeddable":true,"href":"http:\/\/kustr.org\/kusatlasi\/wp-json\/wp\/v2\/comments?post=2014"}],"version-history":[{"count":5,"href":"http:\/\/kustr.org\/kusatlasi\/wp-json\/wp\/v2\/pages\/2014\/revisions"}],"predecessor-version":[{"id":3292,"href":"http:\/\/kustr.org\/kusatlasi\/wp-json\/wp\/v2\/pages\/2014\/revisions\/3292"}],"wp:attachment":[{"href":"http:\/\/kustr.org\/kusatlasi\/wp-json\/wp\/v2\/media?parent=2014"}],"curies":[{"name":"wp","href":"https:\/\/api.w.org\/{rel}","templated":true}]}}