{"id":2083,"date":"2017-01-16T14:14:10","date_gmt":"2017-01-16T12:14:10","guid":{"rendered":"http:\/\/kustr.org\/kusatlasi\/?page_id=2083"},"modified":"2020-02-19T19:26:42","modified_gmt":"2020-02-19T16:26:42","slug":"mgrs-formati","status":"publish","type":"page","link":"http:\/\/kustr.org\/kusatlasi\/saha-calismalari\/mgrs-formati\/","title":{"rendered":"MGRS Format\u0131"},"content":{"rendered":"<ul>\n<li>MGRS format\u0131nda 10 rakam vard\u0131r. Bunlar\u0131n ilk be\u015fi UTM koordinat\u0131ndaki 6 haneli say\u0131dan gelir (bat\u0131 do\u011fu do\u011frultusunda y\u00fcr\u00fcnen mesafeyi belirledi\u011fimiz de\u011fer). Son be\u015f rakam ise UTM deki 7 haneli say\u0131dan gelir (g\u00fcney kuzey do\u011frultusunda y\u00fcr\u00fcnen mesafeyi belirledi\u011fimiz de\u011fer).<\/li>\n<li>\u0130lk be\u015f rakam\u0131n ba\u015f\u0131ndaki de\u011fer on binler basama\u011f\u0131d\u0131r (sa\u011fdan be\u015finci rakam) ve onluk kare ad\u0131n\u0131 olu\u015fturmak i\u00e7in ilk s\u0131raya yaz\u0131l\u0131r (X ekseni). \u00d6rnek: 35TPF53&#8217;teki 5 (bkz: Resim 9).<br \/>\nSon be\u015f rakam\u0131n ba\u015f\u0131ndaki de\u011fer (sa\u011fdan be\u015finci) on binler basama\u011f\u0131d\u0131r ve onluk kare ad\u0131n\u0131 olu\u015fturmada ikinci s\u0131raya yaz\u0131l\u0131r (Y ekseni). \u00d6rnek: 35TPF53&#8217;teki 3 (bkz: Resim 9)<\/li>\n<li>\u0130lk be\u015f rakam\u0131n sa\u011fdan d\u00f6rd\u00fcnc\u00fc de\u011feri olan &#8221;5&#8221; ve son be\u015f rakam\u0131n sa\u011fdan d\u00f6rd\u00fcnc\u00fc de\u011feri olan &#8221;9&#8221; 1x1km2 b\u00fcy\u00fckl\u00fc\u011f\u00fcndeki alan\u0131n adland\u0131r\u0131lmas\u0131nda kullan\u0131l\u0131r. \u00d6rnek: 35TPF53-59 teki &#8221;59&#8221; bunu ifade eder. Ayr\u0131nt\u0131l\u0131 bilgi i\u00e7ine <a href=\"http:\/\/kustr.org\/kusatlasi\/2017\/03\/ebird-kayit-girisi-1-sureli-calisma\/\">Ku\u015fbank kay\u0131t giri\u015fi <\/a>metnine bakabilirsiniz.<\/li>\n<\/ul>\n<p>Bu uygulamayla \u00e7al\u0131\u015fma yapt\u0131\u011f\u0131n\u0131z karenin s\u0131n\u0131rlar\u0131 i\u00e7inde nerede oldu\u011funuzu g\u00f6rebilirsiniz ve pusula \u00f6zelli\u011fi sayesinde hangi y\u00f6ne do\u011fru daha fazla y\u00fcr\u00fcme mesafeniz oldu\u011funu kolayca anlayabilirsiniz.<\/p>\n","protected":false},"excerpt":{"rendered":"<p>MGRS format\u0131nda 10 rakam vard\u0131r. Bunlar\u0131n ilk be\u015fi UTM koordinat\u0131ndaki 6 haneli say\u0131dan gelir (bat\u0131 do\u011fu do\u011frultusunda y\u00fcr\u00fcnen mesafeyi belirledi\u011fimiz de\u011fer). Son be\u015f rakam ise UTM deki 7 haneli say\u0131dan gelir (g\u00fcney kuzey do\u011frultusunda y\u00fcr\u00fcnen mesafeyi belirledi\u011fimiz de\u011fer). \u0130lk be\u015f rakam\u0131n ba\u015f\u0131ndaki de\u011fer on binler basama\u011f\u0131d\u0131r (sa\u011fdan be\u015finci rakam) ve onluk kare ad\u0131n\u0131 olu\u015fturmak i\u00e7in [&hellip;]<\/p>\n","protected":false},"author":5,"featured_media":0,"parent":3048,"menu_order":0,"comment_status":"closed","ping_status":"closed","template":"","meta":[],"_links":{"self":[{"href":"http:\/\/kustr.org\/kusatlasi\/wp-json\/wp\/v2\/pages\/2083"}],"collection":[{"href":"http:\/\/kustr.org\/kusatlasi\/wp-json\/wp\/v2\/pages"}],"about":[{"href":"http:\/\/kustr.org\/kusatlasi\/wp-json\/wp\/v2\/types\/page"}],"author":[{"embeddable":true,"href":"http:\/\/kustr.org\/kusatlasi\/wp-json\/wp\/v2\/users\/5"}],"replies":[{"embeddable":true,"href":"http:\/\/kustr.org\/kusatlasi\/wp-json\/wp\/v2\/comments?post=2083"}],"version-history":[{"count":4,"href":"http:\/\/kustr.org\/kusatlasi\/wp-json\/wp\/v2\/pages\/2083\/revisions"}],"predecessor-version":[{"id":3316,"href":"http:\/\/kustr.org\/kusatlasi\/wp-json\/wp\/v2\/pages\/2083\/revisions\/3316"}],"up":[{"embeddable":true,"href":"http:\/\/kustr.org\/kusatlasi\/wp-json\/wp\/v2\/pages\/3048"}],"wp:attachment":[{"href":"http:\/\/kustr.org\/kusatlasi\/wp-json\/wp\/v2\/media?parent=2083"}],"curies":[{"name":"wp","href":"https:\/\/api.w.org\/{rel}","templated":true}]}}