{"id":2448,"date":"2018-03-08T07:57:41","date_gmt":"2018-03-08T05:57:41","guid":{"rendered":"http:\/\/kustr.org\/kusatlasi\/?page_id=2448"},"modified":"2018-07-20T17:30:37","modified_gmt":"2018-07-20T14:30:37","slug":"atlas-haritalari","status":"publish","type":"page","link":"http:\/\/kustr.org\/kusatlasi\/atlas-haritalari\/","title":{"rendered":"Atlas Haritalar\u0131"},"content":{"rendered":"<p>Ku\u015f Atlas\u0131 haritalar\u0131 art\u0131k dinamik olarak sitemizde. Buraya gelerek T\u00fcrkiye&#8217;de ya\u015fayan herhangi bir t\u00fcr\u00fcn haritas\u0131n\u0131 sorgulayabilirsiniz. 50&#215;50 karelerdeki da\u011f\u0131l\u0131m ve bolluk bilgisi tamamland\u0131. Keyifli dola\u015fmalar.<\/p>\n<p><iframe loading=\"lazy\" style=\"border: 0;\" src=\"http:\/\/mapviewer.ebba2.info\/atlas\/embed\/turkey\/980\" width=\"700px\" height=\"500px\"><\/iframe><\/p>\n","protected":false},"excerpt":{"rendered":"<p>Ku\u015f Atlas\u0131 haritalar\u0131 art\u0131k dinamik olarak sitemizde. Buraya gelerek T\u00fcrkiye&#8217;de ya\u015fayan herhangi bir t\u00fcr\u00fcn haritas\u0131n\u0131 sorgulayabilirsiniz. 50&#215;50 karelerdeki da\u011f\u0131l\u0131m ve bolluk bilgisi tamamland\u0131. Keyifli dola\u015fmalar.<\/p>\n","protected":false},"author":7,"featured_media":0,"parent":0,"menu_order":0,"comment_status":"closed","ping_status":"closed","template":"","meta":[],"_links":{"self":[{"href":"http:\/\/kustr.org\/kusatlasi\/wp-json\/wp\/v2\/pages\/2448"}],"collection":[{"href":"http:\/\/kustr.org\/kusatlasi\/wp-json\/wp\/v2\/pages"}],"about":[{"href":"http:\/\/kustr.org\/kusatlasi\/wp-json\/wp\/v2\/types\/page"}],"author":[{"embeddable":true,"href":"http:\/\/kustr.org\/kusatlasi\/wp-json\/wp\/v2\/users\/7"}],"replies":[{"embeddable":true,"href":"http:\/\/kustr.org\/kusatlasi\/wp-json\/wp\/v2\/comments?post=2448"}],"version-history":[{"count":5,"href":"http:\/\/kustr.org\/kusatlasi\/wp-json\/wp\/v2\/pages\/2448\/revisions"}],"predecessor-version":[{"id":2602,"href":"http:\/\/kustr.org\/kusatlasi\/wp-json\/wp\/v2\/pages\/2448\/revisions\/2602"}],"wp:attachment":[{"href":"http:\/\/kustr.org\/kusatlasi\/wp-json\/wp\/v2\/media?parent=2448"}],"curies":[{"name":"wp","href":"https:\/\/api.w.org\/{rel}","templated":true}]}}