{"id":2516,"date":"2018-07-17T20:52:26","date_gmt":"2018-07-17T17:52:26","guid":{"rendered":"http:\/\/kustr.org\/kusatlasi\/?page_id=2516"},"modified":"2018-09-10T20:57:14","modified_gmt":"2018-09-10T17:57:14","slug":"metodoloji-belgeleri","status":"publish","type":"page","link":"http:\/\/kustr.org\/kusatlasi\/metodoloji\/metodoloji-belgeleri\/","title":{"rendered":"Metodoloji Belgeleri"},"content":{"rendered":"<ul>\n<li>Haritalar<\/li>\n<li>Atlas Karelerinin Haritalar\u0131 (kmz, GOogle Earth i\u00e7in)<\/li>\n<li>50&#215;50 km&#8217;kik karelerin A4 haritalar\u0131 (pdf)<\/li>\n<li>Saha kay\u0131t formu<\/li>\n<li>Karelerin Beklenen T\u00fcr Listesi<\/li>\n<li>\u00dcreme Kodlar\u0131<\/li>\n<\/ul>\n","protected":false},"excerpt":{"rendered":"<p>Haritalar Atlas Karelerinin Haritalar\u0131 (kmz, GOogle Earth i\u00e7in) 50&#215;50 km&#8217;kik karelerin A4 haritalar\u0131 (pdf) Saha kay\u0131t formu Karelerin Beklenen T\u00fcr Listesi \u00dcreme Kodlar\u0131<\/p>\n","protected":false},"author":7,"featured_media":0,"parent":2518,"menu_order":0,"comment_status":"closed","ping_status":"closed","template":"","meta":[],"_links":{"self":[{"href":"http:\/\/kustr.org\/kusatlasi\/wp-json\/wp\/v2\/pages\/2516"}],"collection":[{"href":"http:\/\/kustr.org\/kusatlasi\/wp-json\/wp\/v2\/pages"}],"about":[{"href":"http:\/\/kustr.org\/kusatlasi\/wp-json\/wp\/v2\/types\/page"}],"author":[{"embeddable":true,"href":"http:\/\/kustr.org\/kusatlasi\/wp-json\/wp\/v2\/users\/7"}],"replies":[{"embeddable":true,"href":"http:\/\/kustr.org\/kusatlasi\/wp-json\/wp\/v2\/comments?post=2516"}],"version-history":[{"count":5,"href":"http:\/\/kustr.org\/kusatlasi\/wp-json\/wp\/v2\/pages\/2516\/revisions"}],"predecessor-version":[{"id":3188,"href":"http:\/\/kustr.org\/kusatlasi\/wp-json\/wp\/v2\/pages\/2516\/revisions\/3188"}],"up":[{"embeddable":true,"href":"http:\/\/kustr.org\/kusatlasi\/wp-json\/wp\/v2\/pages\/2518"}],"wp:attachment":[{"href":"http:\/\/kustr.org\/kusatlasi\/wp-json\/wp\/v2\/media?parent=2516"}],"curies":[{"name":"wp","href":"https:\/\/api.w.org\/{rel}","templated":true}]}}