{"id":2518,"date":"2018-07-17T20:54:42","date_gmt":"2018-07-17T17:54:42","guid":{"rendered":"http:\/\/kustr.org\/kusatlasi\/?page_id=2518"},"modified":"2018-09-15T09:46:28","modified_gmt":"2018-09-15T06:46:28","slug":"metodoloji","status":"publish","type":"page","link":"http:\/\/kustr.org\/kusatlasi\/metodoloji\/","title":{"rendered":"Metodoloji"},"content":{"rendered":"<p>Atlas\u0131n temel veri kayna\u011f\u0131n\u0131 saha \u00e7al\u0131\u015fmalar\u0131ndan gelen kay\u0131tlar olu\u015fturmaktad\u0131r. 2014-2017 y\u0131llar\u0131nda yap\u0131lan saha \u00e7al\u0131\u015fmalar\u0131nda EBBA2 ile uyumlu bir metodoloji izlenmi\u015ftir.<\/p>\n<p>T\u00fcrkiye s\u0131n\u0131rlar\u0131nda 375 adet atlas karesi vard\u0131r. S\u0131n\u0131rl\u0131 ku\u015f g\u00f6zlemci kapasitesi ve mevcut finansal kaynaklar g\u00f6z \u00f6n\u00fcnde bulunduruldu\u011funda, s\u00fcreli \u00e7al\u0131\u015fma metodunun, bu kadar \u00e7ok say\u0131da karede tamamlanamayaca\u011f\u0131 \u00f6ng\u00f6r\u00fcld\u00fc. Kareler bir satran\u00e7 tahtas\u0131ndaki siyah beyaz kareler gibi \u00f6ncelikli ve \u00f6nceliksiz olarak tan\u0131mland\u0131 ve modellemeye elveri\u015fli olacak \u015fekilde 166 adet 50&#215;50 km\u2019lik kare belirlendi.<\/p>\n<p>Saha \u00e7al\u0131\u015fmalar\u0131n\u0131n takibi i\u00e7in bir rezervasyon tablosu olu\u015fturuldu. Her bir g\u00f6zlemcinin hangi tarihte hangi kareye gidece\u011fi kaydedilerek, yeni kat\u0131lan g\u00f6zlemciler bo\u015f karelere y\u00f6nlendirildi ve arazi \u00e7al\u0131\u015fmalar\u0131n\u0131n ilerleme durumu d\u00fczenli olarak takip edildi.<\/p>\n<p><a href=\"http:\/\/kustr.org\/kusatlasi\/metodoloji\/sureli-calisma\/\">S\u00fcreli \u00c7al\u0131\u015fma<\/a><\/p>\n<p><a href=\"http:\/\/kustr.org\/kusatlasi\/metodoloji\/serbest-calisma\/\">Serbest \u00c7al\u0131\u015fma<\/a><\/p>\n","protected":false},"excerpt":{"rendered":"<p>Atlas\u0131n temel veri kayna\u011f\u0131n\u0131 saha \u00e7al\u0131\u015fmalar\u0131ndan gelen kay\u0131tlar olu\u015fturmaktad\u0131r. 2014-2017 y\u0131llar\u0131nda yap\u0131lan saha \u00e7al\u0131\u015fmalar\u0131nda EBBA2 ile uyumlu bir metodoloji izlenmi\u015ftir. T\u00fcrkiye s\u0131n\u0131rlar\u0131nda 375 adet atlas karesi vard\u0131r. S\u0131n\u0131rl\u0131 ku\u015f g\u00f6zlemci kapasitesi ve mevcut finansal kaynaklar g\u00f6z \u00f6n\u00fcnde bulunduruldu\u011funda, s\u00fcreli \u00e7al\u0131\u015fma metodunun, bu kadar \u00e7ok say\u0131da karede tamamlanamayaca\u011f\u0131 \u00f6ng\u00f6r\u00fcld\u00fc. Kareler bir satran\u00e7 tahtas\u0131ndaki siyah beyaz kareler [&hellip;]<\/p>\n","protected":false},"author":7,"featured_media":984,"parent":0,"menu_order":0,"comment_status":"closed","ping_status":"closed","template":"","meta":[],"_links":{"self":[{"href":"http:\/\/kustr.org\/kusatlasi\/wp-json\/wp\/v2\/pages\/2518"}],"collection":[{"href":"http:\/\/kustr.org\/kusatlasi\/wp-json\/wp\/v2\/pages"}],"about":[{"href":"http:\/\/kustr.org\/kusatlasi\/wp-json\/wp\/v2\/types\/page"}],"author":[{"embeddable":true,"href":"http:\/\/kustr.org\/kusatlasi\/wp-json\/wp\/v2\/users\/7"}],"replies":[{"embeddable":true,"href":"http:\/\/kustr.org\/kusatlasi\/wp-json\/wp\/v2\/comments?post=2518"}],"version-history":[{"count":3,"href":"http:\/\/kustr.org\/kusatlasi\/wp-json\/wp\/v2\/pages\/2518\/revisions"}],"predecessor-version":[{"id":3158,"href":"http:\/\/kustr.org\/kusatlasi\/wp-json\/wp\/v2\/pages\/2518\/revisions\/3158"}],"wp:featuredmedia":[{"embeddable":true,"href":"http:\/\/kustr.org\/kusatlasi\/wp-json\/wp\/v2\/media\/984"}],"wp:attachment":[{"href":"http:\/\/kustr.org\/kusatlasi\/wp-json\/wp\/v2\/media?parent=2518"}],"curies":[{"name":"wp","href":"https:\/\/api.w.org\/{rel}","templated":true}]}}