{"id":2526,"date":"2018-07-17T20:58:41","date_gmt":"2018-07-17T17:58:41","guid":{"rendered":"http:\/\/kustr.org\/kusatlasi\/?page_id=2526"},"modified":"2018-09-12T04:57:59","modified_gmt":"2018-09-12T01:57:59","slug":"sahaya-hazirlik","status":"publish","type":"page","link":"http:\/\/kustr.org\/kusatlasi\/metodoloji\/sahaya-hazirlik\/","title":{"rendered":"Sahada iken"},"content":{"rendered":"<p>Ku\u015flar, g\u00fcn\u00fcn ilk saatlerinde besin bulmak i\u00e7in aktif halde olurlar. S\u00fcreli \u00e7al\u0131\u015fma i\u00e7in en uygun saatler bu nedenle sabah saatleri olarak belirlendi ve arazi \u00e7al\u0131\u015fmalar\u0131 a\u011f\u0131rl\u0131kl\u0131 olarak g\u00fcn do\u011fumundan saat 11:00\u2019e kadar olan s\u00fcrede ger\u00e7ekle\u015ftirildi (\u015eekil 6).<\/p>\n<ul>\n<li>06:30&nbsp;&nbsp; G\u00fcndo\u011fumu ve sahaya gidi\u015f<\/li>\n<li>07:00&nbsp;&nbsp; \u0130lk bir saatlik parkur<\/li>\n<li>08:10&nbsp;&nbsp;&nbsp; Y\u00fcr\u00fcy\u00fc\u015f sonras\u0131nda araca geri d\u00f6n\u00fc\u015f ve ikinci noktaya gidi\u015f<\/li>\n<li>08:40&nbsp;&nbsp; \u0130kinci bir saatlik parkur<\/li>\n<li>09:50&nbsp;&nbsp;&nbsp; \u0130kinci y\u00fcr\u00fcy\u00fc\u015f\u00fcn tamamlanmas\u0131 ve arabaya geri d\u00f6n\u00fc\u015f<\/li>\n<li>10:00&nbsp;&nbsp;&nbsp; Dinlenme ve g\u00fcn\u00fcn geri kalan\u0131n\u0131n planlanmas\u0131<\/li>\n<li>10:30&nbsp;&nbsp;&nbsp; 50&#215;50 km\u2019lik kare i\u00e7inde tespit edilen farkl\u0131 habitatlara gidi\u015f (\u00f6rn. kayal\u0131klar, orman)<\/li>\n<li>12:30&nbsp;&nbsp;&nbsp; Arazide piknik, dinlenme<\/li>\n<li>14:30&nbsp;&nbsp;&nbsp; Bilinmeyen ikinci bir alana gidi\u015f ve di\u011fer t\u00fcrlerin listeye eklenmesi<\/li>\n<li>16:30&nbsp;&nbsp;&nbsp; Eve d\u00f6n\u00fc\u015f<\/li>\n<\/ul>\n\n\n<figure class=\"wp-block-embed is-type-wp-embed is-provider-turkiye-ureyen-kus-atlasi\">\n<blockquote class=\"wp-embedded-content\" data-secret=\"nEqb345stR\"><a href=\"http:\/\/kustr.org\/kusatlasi\/2016\/07\/serbest-kayitlarin-onemi\/\">Serbest Kay\u0131tlar\u0131n \u00d6nemi<\/a><\/blockquote><iframe class=\"wp-embedded-content\" sandbox=\"allow-scripts\" security=\"restricted\" style=\"position: absolute; clip: rect(1px, 1px, 1px, 1px);\" src=\"http:\/\/kustr.org\/kusatlasi\/2016\/07\/serbest-kayitlarin-onemi\/embed\/#?secret=nEqb345stR\" data-secret=\"nEqb345stR\" width=\"600\" height=\"338\" title=\"&#8220;Serbest Kay\u0131tlar\u0131n \u00d6nemi&#8221; &#8212; T\u00fcrkiye \u00dcreyen Ku\u015f Atlas\u0131\" frameborder=\"0\" marginwidth=\"0\" marginheight=\"0\" scrolling=\"no\"><\/iframe>\n<\/figure>\n\n\n\n<figure class=\"wp-block-embed is-type-wp-embed is-provider-turkiye-ureyen-kus-atlasi\">\n<blockquote class=\"wp-embedded-content\" data-secret=\"kV225MyrNk\"><a href=\"http:\/\/kustr.org\/kusatlasi\/mobil-uygulamalar\/\">Mobil Uygulamalar<\/a><\/blockquote><iframe class=\"wp-embedded-content\" sandbox=\"allow-scripts\" security=\"restricted\" style=\"position: absolute; clip: rect(1px, 1px, 1px, 1px);\" src=\"http:\/\/kustr.org\/kusatlasi\/mobil-uygulamalar\/embed\/#?secret=kV225MyrNk\" data-secret=\"kV225MyrNk\" width=\"600\" height=\"338\" title=\"&#8220;Mobil Uygulamalar&#8221; &#8212; T\u00fcrkiye \u00dcreyen Ku\u015f Atlas\u0131\" frameborder=\"0\" marginwidth=\"0\" marginheight=\"0\" scrolling=\"no\"><\/iframe>\n<\/figure>\n","protected":false},"excerpt":{"rendered":"<p>Ku\u015flar, g\u00fcn\u00fcn ilk saatlerinde besin bulmak i\u00e7in aktif halde olurlar. S\u00fcreli \u00e7al\u0131\u015fma i\u00e7in en uygun saatler bu nedenle sabah saatleri olarak belirlendi ve arazi \u00e7al\u0131\u015fmalar\u0131 a\u011f\u0131rl\u0131kl\u0131 olarak g\u00fcn do\u011fumundan saat 11:00\u2019e kadar olan s\u00fcrede ger\u00e7ekle\u015ftirildi (\u015eekil 6). 06:30&nbsp;&nbsp; G\u00fcndo\u011fumu ve sahaya gidi\u015f 07:00&nbsp;&nbsp; \u0130lk bir saatlik parkur 08:10&nbsp;&nbsp;&nbsp; Y\u00fcr\u00fcy\u00fc\u015f sonras\u0131nda araca geri d\u00f6n\u00fc\u015f ve ikinci [&hellip;]<\/p>\n","protected":false},"author":7,"featured_media":2337,"parent":2518,"menu_order":0,"comment_status":"closed","ping_status":"closed","template":"","meta":[],"_links":{"self":[{"href":"http:\/\/kustr.org\/kusatlasi\/wp-json\/wp\/v2\/pages\/2526"}],"collection":[{"href":"http:\/\/kustr.org\/kusatlasi\/wp-json\/wp\/v2\/pages"}],"about":[{"href":"http:\/\/kustr.org\/kusatlasi\/wp-json\/wp\/v2\/types\/page"}],"author":[{"embeddable":true,"href":"http:\/\/kustr.org\/kusatlasi\/wp-json\/wp\/v2\/users\/7"}],"replies":[{"embeddable":true,"href":"http:\/\/kustr.org\/kusatlasi\/wp-json\/wp\/v2\/comments?post=2526"}],"version-history":[{"count":5,"href":"http:\/\/kustr.org\/kusatlasi\/wp-json\/wp\/v2\/pages\/2526\/revisions"}],"predecessor-version":[{"id":3171,"href":"http:\/\/kustr.org\/kusatlasi\/wp-json\/wp\/v2\/pages\/2526\/revisions\/3171"}],"up":[{"embeddable":true,"href":"http:\/\/kustr.org\/kusatlasi\/wp-json\/wp\/v2\/pages\/2518"}],"wp:featuredmedia":[{"embeddable":true,"href":"http:\/\/kustr.org\/kusatlasi\/wp-json\/wp\/v2\/media\/2337"}],"wp:attachment":[{"href":"http:\/\/kustr.org\/kusatlasi\/wp-json\/wp\/v2\/media?parent=2526"}],"curies":[{"name":"wp","href":"https:\/\/api.w.org\/{rel}","templated":true}]}}