{"id":2538,"date":"2018-07-17T21:06:50","date_gmt":"2018-07-17T18:06:50","guid":{"rendered":"http:\/\/kustr.org\/kusatlasi\/?page_id=2538"},"modified":"2019-01-28T15:36:39","modified_gmt":"2019-01-28T13:36:39","slug":"proje-ortaklari","status":"publish","type":"page","link":"http:\/\/kustr.org\/kusatlasi\/hakkinda\/proje-ortaklari\/","title":{"rendered":"Proje Ortaklar\u0131"},"content":{"rendered":"<h1>Ku\u015f G\u00f6zlemcileri ve Ku\u015f Bilimcileri<\/h1>\n<p>Atlas projesinde 150\u2019den fazla ku\u015f g\u00f6zlemcisi yer ald\u0131. T\u00fcrkiye\u2019nin d\u00f6rt bir yan\u0131nda ya\u015fayan<br \/>\nku\u015f g\u00f6zlemcileri hem ya\u015fad\u0131klar\u0131 b\u00f6lgede, hem de farkl\u0131 \u015fehirlerde sahaya \u00e7\u0131kt\u0131lar. \u00c7ok say\u0131da ku\u015fbilimci (ornitolog) arazi \u00e7al\u0131\u015fmalar\u0131na do\u011frudan kat\u0131lmasalar da h\u00e2lihaz\u0131rda y\u00fcr\u00fcyen biyo\u00e7e\u015fitlilik ara\u015ft\u0131rmalar\u0131n\u0131n sonu\u00e7lar\u0131n\u0131 payla\u015farak destek oldular. Bunun d\u0131\u015f\u0131nda 450\u2019den fazla ki\u015fi, 2000 y\u0131l\u0131ndan sonraki d\u00f6nemde Ku\u015fBank\u2019a girmi\u015f olduklar\u0131 verilerle Atlas\u2019a katk\u0131 vermi\u015f oldu.<\/p>\n<p><img decoding=\"async\" loading=\"lazy\" class=\"alignnone size-full wp-image-1742\" src=\"http:\/\/kustr.org\/kusatlasi\/wp-content\/uploads\/2016\/11\/ebcc-logo.jpg\" alt=\"\" width=\"278\" height=\"125\" \/><\/p>\n<h1>Avrupa Ku\u015f Say\u0131m Konseyi (EBCC)<\/h1>\n<p>EBCC 5 y\u0131l boyunca 50 \u00fclkede EBBA2\u2019yi koordine eden kurulu\u015ftur. Atlas projesinin finansal deste\u011fi EBBA2 y\u00fcr\u00fct\u00fcc\u00fclerinden \u0130svi\u00e7re Ornitoloji Enstit\u00fcs\u00fc (Vogelwarte) taraf\u0131ndan sa\u011fland\u0131. T\u00fcrkiye\u2019ye ayr\u0131lan \u00fc\u00e7 y\u0131ll\u0131k \u00f6denekle ulusal koordinasyon ve arazi \u00e7al\u0131\u015fmalar\u0131 ger\u00e7ekle\u015fti. EBCC ayr\u0131ca metodoloji, pop\u00fclasyon tahminleri ve haritalar\u0131n olu\u015fturulmas\u0131 i\u00e7in teknik destek verdi.<\/p>\n<h1><img decoding=\"async\" loading=\"lazy\" class=\"alignnone wp-image-1741\" src=\"http:\/\/kustr.org\/kusatlasi\/wp-content\/uploads\/2016\/11\/wwf-logo-1.png\" alt=\"\" width=\"230\" height=\"230\" srcset=\"http:\/\/kustr.org\/kusatlasi\/wp-content\/uploads\/2016\/11\/wwf-logo-1.png 400w, http:\/\/kustr.org\/kusatlasi\/wp-content\/uploads\/2016\/11\/wwf-logo-1-150x150.png 150w, http:\/\/kustr.org\/kusatlasi\/wp-content\/uploads\/2016\/11\/wwf-logo-1-300x300.png 300w\" sizes=\"(max-width: 230px) 100vw, 230px\" \/><\/h1>\n<h1>WWF- T\u00fcrkiye, T\u00fcrkiye Do\u011fal Hayat\u0131 Koruma Vakf\u0131<\/h1>\n<p>WWF-T\u00fcrkiye 40 y\u0131l\u0131 a\u015fan ge\u00e7mi\u015fiyle T\u00fcrkiye\u2019nin en k\u00f6kl\u00fc do\u011fa koruma kurulu\u015flar\u0131ndan biridir. Vak\u0131f ve Vakf\u0131n altyap\u0131s\u0131n\u0131 olu\u015fturan Do\u011fal Hayat\u0131 Koruma Derne\u011fi, yak\u0131n ge\u00e7mi\u015fte T\u00fcrkiye\u2019nin en kapsaml\u0131 biyo\u00e7e\u015fitlilik envanterlerinden \u00d6nemli Ku\u015f Alanlar\u0131 ve \u00d6nemli Bitki Alanlar\u0131\u2019n\u0131 yay\u0131mlam\u0131\u015ft\u0131r. Bunlar\u0131n \u00f6tesinde Atlas \u00e7al\u0131\u015fmas\u0131na \u00f6rnek olan G\u00fcneydo\u011fu Anadolu Biyolojik \u00c7e\u015fitlilik Ara\u015ft\u0131rma Projesi kapsam\u0131nda bir ku\u015f atlas\u0131 haz\u0131rlam\u0131\u015ft\u0131r. Ku\u015f Atlas\u0131 ekibi Vakf\u0131n Ankara ve \u0130stanbul ofislerini kullanm\u0131\u015f, \u00e7al\u0131\u015fmalar\u0131n\u0131 Vakf\u0131n kurumsal yap\u0131s\u0131 ve mali raporlama sistemi<br \/>\ni\u00e7inde y\u00fcr\u00fctm\u00fc\u015f ve projeyi Vakf\u0131n tecr\u00fcbeli kadrosu ve b\u00f6l\u00fcmleriyle etkile\u015fim i\u00e7inde ilerletmi\u015ftir.<\/p>\n<h1>Sivil Toplum Kurulu\u015flar\u0131<\/h1>\n<p>T\u00fcrkiye\u2019deki uzman do\u011fa koruma kurulu\u015flar\u0131ndan Do\u011fa Ara\u015ft\u0131rmalar\u0131 Derne\u011fi (DAD), Do\u011fa Derne\u011fi (DD) ve Do\u011fa Koruma Merkezi (DKM) Atlas projesine kat\u0131ld\u0131lar. DKM ve DAD Anadolu \u00c7apraz\u0131, Akdeniz Havzas\u0131, Konya, \u00c7ukurova ve di\u011fer b\u00f6lgelerde y\u00fcr\u00fct\u00fclen ku\u015f ara\u015ft\u0131rmalar\u0131n\u0131n sonu\u00e7lar\u0131n\u0131 proje ekibiyle payla\u015ft\u0131. Bu sivil toplum kurulu\u015flar\u0131 ayn\u0131 zamanda projenin tan\u0131n\u0131rl\u0131\u011f\u0131n\u0131 artt\u0131rd\u0131.<\/p>\n<h1>Cornell Ornitoloji Laboratuvar\u0131 (Cornell Lab for Ornithology)<\/h1>\n<p>D\u00fcnyan\u0131n yayg\u0131n kullan\u0131lan ku\u015f g\u00f6zlem veritaban\u0131 eBird\u2019\u00fcn T\u00fcrkiye\u2019deki internet sitesi olan Ku\u015fBank, Atlas \u00e7al\u0131\u015fmas\u0131 i\u00e7in veri giri\u015fi ve veri depolama platformu olarak kullan\u0131ld\u0131. G\u00f6n\u00fcll\u00fcler ve proje ekibi ger\u00e7ekle\u015ftirilen ve toplanan g\u00f6zlem kay\u0131tlar\u0131n\u0131 Ku\u015fBank\u2019a girdiler. Ku\u015fBank\u2019\u0131n kullan\u0131lmas\u0131yla hem ortak koordinat sistemi, taksonomik t\u00fcr listesi, \u00fcreme ve davran\u0131\u015f kategorilerinin kullan\u0131lmas\u0131, hem de arazi formlar\u0131n\u0131n eksiksiz aktar\u0131lmas\u0131 sa\u011fland\u0131. Ku\u015fBank verilerinin eri\u015fime a\u00e7\u0131k olmas\u0131 sayesinde, Atlas verilerinin ba\u015fka projelerde de kullan\u0131labilmesine olanak sa\u011fland\u0131.<\/p>\n<h1>Bilim Komitesi<\/h1>\n<p>Atlas verilerinin ve bu verilerle olu\u015fturulan haritalar\u0131n bilimsel niteli\u011fini koruyabilmesi i\u00e7in bir komiteye ihtiya\u00e7 duyuldu. Bu komite veri derleme ve veri analizi s\u00fcre\u00e7lerini izlemeyi, olu\u015fturulan verilerin y\u00f6netim ve payla\u015f\u0131m\u0131n\u0131 d\u00fczenlemeyi, Atlas sonu\u00e7lar\u0131n\u0131n makale ve raporlarla bilim d\u00fcnyas\u0131nda payla\u015f\u0131lmas\u0131n\u0131 hedeflemektedir. Bu ba\u011flamda Atlas projesine destek olan, ku\u015flar ve biyolojik \u00e7e\u015fitlilik konular\u0131nda \u00e7al\u0131\u015fan bilim insanlar\u0131ndan olu\u015fan bir komite olu\u015fturuldu.<\/p>\n<p>Komitenin \u00fcyeleri a\u015fa\u011f\u0131daki gibidir:<\/p>\n<p>\u2022 Dr. Esra Per, Gazi \u00dcniversitesi Biyoloji B\u00f6l\u00fcm\u00fc, Ankara.<br \/>\n\u2022 Kerem Ali Boyla, T\u00fcrkiye Ku\u015f Kay\u0131t Komitesi, \u0130stanbul.<br \/>\n\u2022 Dr. Kiraz Erciyas Yavuz, Ondokuz May\u0131s \u00dcniversitesi Ornitoloji Ara\u015ft\u0131rmalar\u0131 Merkezi, Samsun.<br \/>\n\u2022 Dr. Korhan \u00d6zkan, ODT\u00dc Deniz Bilimleri Enstit\u00fcs\u00fc, Mersin.<br \/>\n\u2022 Lider Sinav, Hacettepe \u00dcniversitesi Biyoloji B\u00f6l\u00fcm\u00fc, Ankara.<br \/>\n\u2022 Dr. U\u011fur Zeydanl\u0131, Do\u011fa Koruma Merkezi, Ankara.<br \/>\n\u2022 Dr. Utku Perkta\u015f, Hacettepe \u00dcniversitesi Biyoloji B\u00f6l\u00fcm\u00fc, Ankara.<\/p>\n","protected":false},"excerpt":{"rendered":"<p>Ku\u015f G\u00f6zlemcileri ve Ku\u015f Bilimcileri Atlas projesinde 150\u2019den fazla ku\u015f g\u00f6zlemcisi yer ald\u0131. T\u00fcrkiye\u2019nin d\u00f6rt bir yan\u0131nda ya\u015fayan ku\u015f g\u00f6zlemcileri hem ya\u015fad\u0131klar\u0131 b\u00f6lgede, hem de farkl\u0131 \u015fehirlerde sahaya \u00e7\u0131kt\u0131lar. \u00c7ok say\u0131da ku\u015fbilimci (ornitolog) arazi \u00e7al\u0131\u015fmalar\u0131na do\u011frudan kat\u0131lmasalar da h\u00e2lihaz\u0131rda y\u00fcr\u00fcyen biyo\u00e7e\u015fitlilik ara\u015ft\u0131rmalar\u0131n\u0131n sonu\u00e7lar\u0131n\u0131 payla\u015farak destek oldular. Bunun d\u0131\u015f\u0131nda 450\u2019den fazla ki\u015fi, 2000 y\u0131l\u0131ndan sonraki d\u00f6nemde [&hellip;]<\/p>\n","protected":false},"author":7,"featured_media":0,"parent":2495,"menu_order":0,"comment_status":"closed","ping_status":"closed","template":"","meta":[],"_links":{"self":[{"href":"http:\/\/kustr.org\/kusatlasi\/wp-json\/wp\/v2\/pages\/2538"}],"collection":[{"href":"http:\/\/kustr.org\/kusatlasi\/wp-json\/wp\/v2\/pages"}],"about":[{"href":"http:\/\/kustr.org\/kusatlasi\/wp-json\/wp\/v2\/types\/page"}],"author":[{"embeddable":true,"href":"http:\/\/kustr.org\/kusatlasi\/wp-json\/wp\/v2\/users\/7"}],"replies":[{"embeddable":true,"href":"http:\/\/kustr.org\/kusatlasi\/wp-json\/wp\/v2\/comments?post=2538"}],"version-history":[{"count":5,"href":"http:\/\/kustr.org\/kusatlasi\/wp-json\/wp\/v2\/pages\/2538\/revisions"}],"predecessor-version":[{"id":3273,"href":"http:\/\/kustr.org\/kusatlasi\/wp-json\/wp\/v2\/pages\/2538\/revisions\/3273"}],"up":[{"embeddable":true,"href":"http:\/\/kustr.org\/kusatlasi\/wp-json\/wp\/v2\/pages\/2495"}],"wp:attachment":[{"href":"http:\/\/kustr.org\/kusatlasi\/wp-json\/wp\/v2\/media?parent=2538"}],"curies":[{"name":"wp","href":"https:\/\/api.w.org\/{rel}","templated":true}]}}