{"id":2542,"date":"2018-07-17T21:10:02","date_gmt":"2018-07-17T18:10:02","guid":{"rendered":"http:\/\/kustr.org\/kusatlasi\/?page_id=2542"},"modified":"2019-01-28T16:04:13","modified_gmt":"2019-01-28T14:04:13","slug":"proje-faaliyetleri","status":"publish","type":"page","link":"http:\/\/kustr.org\/kusatlasi\/hakkinda\/proje-faaliyetleri\/","title":{"rendered":"Proje Faaliyetleri"},"content":{"rendered":"Arazi \u00c7al\u0131\u015fmalar\u0131:\r\nSadece ger\u00e7ek g\u00f6zlem verilerinin kullan\u0131ld\u0131\u011f\u0131 Atlas\u2019\u0131n temelini arazi \u00e7al\u0131\u015fmalar\u0131 olu\u015fturur. Proje s\u00fcresince 2014\u2019te iki, 2015\u2019te 19, 2016\u2019da 71 ve 2017\u2019de 76 adet olmak \u00fczere toplam 127 adet 50&#215;50 km\u2019lik Atlas karesi ziyaret edilmi\u015ftir. Baz\u0131 karelerde yap\u0131lan \u00e7al\u0131\u015fmalar tek bir y\u0131lda tamamlanamam\u0131\u015f, birka\u00e7 y\u0131la da\u011f\u0131lm\u0131\u015ft\u0131r.\r\n\r\nKoordinasyon Toplant\u0131lar\u0131:\r\n2015 y\u0131l\u0131 arazi d\u00f6nemi bitti\u011finde, projeye kat\u0131l\u0131m\u0131n beklenenin alt\u0131nda kald\u0131\u011f\u0131 ortaya \u00e7\u0131kt\u0131. Projenin tan\u0131t\u0131m\u0131n\u0131 yapmak ve ku\u015f g\u00f6zlemcileri ile i\u015fbirli\u011fini artt\u0131rmak i\u00e7in Ekim 2015\u2019te Samsun Ondokuz May\u0131s \u00dcniversitesi Ornitoloji Ara\u015ft\u0131rma Merkezi\u2019nin ev sahipli\u011finde bir <a href=\"http:\/\/kustr.org\/kusatlasi\/2015\/06\/kus-atlasi-toplantisi-ekim-2015-samsun\/\">\u00e7al\u0131\u015ftay<\/a> d\u00fczenlendi. Bu \u00e7al\u0131\u015ftaya T\u00fcrkiye\u2019nin \u00e7e\u015fitli illerinden 30 ku\u015f g\u00f6zlemcisi kat\u0131ld\u0131. Taner \u015eekercio\u011flu\u2019nun kolayla\u015ft\u0131r\u0131c\u0131l\u0131\u011f\u0131nda ulusal bir ku\u015f atlas\u0131 i\u00e7in T\u00fcrkiye genelinde yeterli g\u00f6n\u00fcll\u00fc kapasitesinin olup olmad\u0131\u011f\u0131 tart\u0131\u015f\u0131ld\u0131. K\u0131z\u0131l\u0131rmak Deltas\u0131\u2019nda ger\u00e7ekle\u015fen pilot arazi \u00e7al\u0131\u015fmas\u0131nda kat\u0131l\u0131mc\u0131lara Atlas metodolojisi g\u00f6sterildi. Bu \u00e7al\u0131\u015ftay\u0131n katk\u0131s\u0131 ile ertesi y\u0131l projeye kat\u0131l\u0131mda kayda de\u011fer bir art\u0131\u015f g\u00f6r\u00fcld\u00fc.\r\n\r\nDilek Eyl\u00fcl Dizdaro\u011flu Haziran 2016\u2019da Do\u011fa Derne\u011fi\u2019nin d\u00fczenledi\u011fi <a href=\"http:\/\/kustr.org\/kusatlasi\/2016\/08\/17-turkiye-kus-konferansina-katildik\/\">17. Ku\u015f Konferans\u0131\u2019nda<\/a> Atlas projesini tan\u0131tt\u0131.\r\n\r\n<a href=\"http:\/\/kustr.org\/kusatlasi\/2016\/10\/kus-atlasi-ankara-calistayi\/\">\u00dclke genelinde ikinci bir \u00e7al\u0131\u015ftay<\/a> Ekim 2016\u2019da Hacettepe \u00dcniversitesi Biyoloji B\u00f6l\u00fcm\u00fc\u2019nde d\u00fczenlendi. 50\u2019den fazla ku\u015f g\u00f6zlemcisinin kat\u0131ld\u0131\u011f\u0131 \u00e7al\u0131\u015ftayda proje ekibi 2015 ve 2016 y\u0131l\u0131 \u00e7al\u0131\u015fmalar\u0131n\u0131n sonu\u00e7lar\u0131n\u0131 anlatt\u0131. Cem Orkun K\u0131ra\u00e7 kolayla\u015ft\u0131r\u0131c\u0131l\u0131\u011f\u0131nda ger\u00e7ekle\u015ftirilen oturumlarda, projede g\u00f6zlenen eksikler ve bunlar\u0131n 2017 y\u0131l\u0131nda giderilmesi i\u00e7in yap\u0131lmas\u0131 gereken faaliyetler tart\u0131\u015f\u0131ld\u0131.\u00a0 <a href=\"http:\/\/kustr.org\/kusatlasi\/2016\/10\/22-23-ekim-kus-atlasi-calistayi\/\">Poster<\/a> ve <a href=\"http:\/\/kustr.org\/kusatlasi\/2016\/10\/kus-atlasi-ankara-calistayi-fotograflari\/\">foto\u011fraflar<\/a> i\u00e7in t\u0131klay\u0131n.\r\n\r\nAtlas proje ekibi Mart 2017\u2019de Orman ve Su \u0130\u015fleri Bakanl\u0131\u011f\u0131 Do\u011fa Koruma ve Milli\r\nParklar Genel M\u00fcd\u00fcrl\u00fc\u011f\u00fc Yaban Hayat\u0131 Dairesi Ba\u015fkan\u0131 \u00d6zcan Yaman ve ekibini ziyaret\r\nederek proje hakk\u0131nda bilgilendirdi. Bu toplant\u0131n\u0131n ard\u0131ndan bakanl\u0131k ile s\u00f6zl\u00fc bir\r\ni\u015fbirli\u011fi sa\u011fland\u0131.\r\n\r\nBu \u00e7al\u0131\u015ftaylar\u0131n ve toplant\u0131lar\u0131n d\u0131\u015f\u0131nda, 2016 ve 2017 y\u0131llar\u0131 boyunca <a href=\"http:\/\/kustr.org\/kusatlasi\/2017\/02\/kus-atlasi-istanbul-bulusmasi\/\">\u0130stanbul<\/a> , <a href=\"http:\/\/kustr.org\/kusatlasi\/2017\/03\/kus-atlasi-ankara-bulusmasi\/\">Ankara<\/a>, <a href=\"http:\/\/kustr.org\/kusatlasi\/2017\/02\/canakkale-bolge-toplantisi\/\">\u00c7anakkale<\/a>, <a href=\"http:\/\/kustr.org\/kusatlasi\/2017\/03\/kus-atlasi-samsun-bulusmasi\/\">Samsun<\/a>, <a href=\"http:\/\/kustr.org\/kusatlasi\/2017\/03\/kus-atlasi-izmir-bulusmasi\/\">\u0130zmir<\/a>, Antalya ve Ka\u015f\u2019ta b\u00f6lge toplant\u0131lar\u0131 d\u00fczenlendi.\u00a0Bu toplant\u0131larda\r\nMarmara, \u0130\u00e7 Anadolu, Karadeniz, Ege ve Akdeniz b\u00f6lgelerinde eksik kalan Atlas\r\nkarelerinin tamamlanmas\u0131 ve t\u00fcrlere \u00f6zel arazi \u00e7al\u0131\u015fmalar\u0131 konular\u0131 ele al\u0131nd\u0131. B\u00f6lgesel\r\ntoplant\u0131lara Atlas g\u00f6n\u00fcll\u00fclerinin yan\u0131 s\u0131ra yereldeki ku\u015f g\u00f6zlem topluluklar\u0131 da kat\u0131ld\u0131.\r\n<h2>Uluslararas\u0131 Toplant\u0131lar<\/h2>\r\nProje ekibi Eyl\u00fcl 2016\u2019da Almanya\u2019n\u0131n Halle kentinde d\u00fczenlenen <a href=\"http:\/\/kustr.org\/kusatlasi\/2016\/10\/konferans-birdnumbers2016\/\">Bird Numbers 2016<\/a>-Birds in a Changing World (Ku\u015f Say\u0131lar\u0131 2016-De\u011fi\u015fen D\u00fcnyada Ku\u015flar) konferans\u0131na kat\u0131ld\u0131. Bu konferans dahilinde EBCC\u2019nin d\u00f6rd\u00fcnc\u00fc toplant\u0131s\u0131 ger\u00e7ekle\u015fti. Proje ekibi <a href=\"http:\/\/kustr.org\/kusatlasi\/2017\/03\/filling-the-gap-the-first-breeding-bird-atlas-of-turkey\/\">T\u00fcrkiye \u00dcreyen Ku\u015f Atlas\u0131\u2019n\u0131n son durumunu anlatan bir poster sundu<\/a>. Bu poster, konferansta ikincilik \u00f6d\u00fcl\u00fcn\u00fc kazand\u0131. Sonras\u0131nda yay\u0131mlanan \u201cDie Vogelwelt\u201d dergisinin \u00f6zel say\u0131s\u0131nda, T\u00fcrkiye \u00dcreyen Ku\u015f Atlas\u0131\u2019n\u0131n ilk bulgular\u0131n\u0131 anlatan bir makale yay\u0131mland\u0131.\r\n\r\nKonferans s\u0131ras\u0131nda EBBA2 ekibiyle yap\u0131lan \u00f6zel g\u00f6r\u00fc\u015fmelerde ilk sonu\u00e7lar\u0131n ard\u0131ndan,\r\nT\u00fcrkiye\u2019de uygulanan metodolojide g\u00f6n\u00fcll\u00fclerin y\u00fck\u00fcn\u00fc azaltacak bir revizyonun\r\nyap\u0131lmas\u0131na karar verildi ve 10&#215;10 km\u2019lik karelerde ziyaret edilen parkur say\u0131s\u0131 d\u00f6rtten\r\nikiye d\u00fc\u015f\u00fcr\u00fcld\u00fc.\r\n\r\nKerem Ali Boyla ve Katalan Ornitoloji Enstit\u00fcs\u00fc uzmanlar\u0131 2017 Mart ay\u0131nda\r\nBarselona\u2019da bulu\u015farak, eksik kalacak karelerin nas\u0131l tamamlanaca\u011f\u0131n\u0131 konu\u015ftu. Veri\r\nanalizleri ve fikir al\u0131\u015fveri\u015fi sonucunda T\u00fcrkiye\u2019de 2000 y\u0131l\u0131ndan itibaren \u00fcreme kayd\u0131\r\ni\u00e7eren t\u00fcm kay\u0131tlar\u0131n ve tamamlanm\u0131\u015f b\u00f6lgesel atlas verilerinin Atlas\u2019a d\u00e2hil edilmesine\r\nkarar verildi.\r\n\r\nDo\u011fu Avrupal\u0131 EBBA2 ulusal koordinat\u00f6rleri Kas\u0131m 2017\u2019de Zagreb\u2019de bir araya geldi.\r\nKerem Ali Boyla\u2019n\u0131n kat\u0131ld\u0131\u011f\u0131 bu toplant\u0131da 50&#215;50 km\u2019lik karelerdeki t\u00fcr bolluk verilerinin\r\nhesaplanmas\u0131 i\u00e7in geli\u015ftirilmi\u015f bir y\u00f6ntem \u00fczerinde \u00e7al\u0131\u015f\u0131ld\u0131. Di\u011fer yandan, s\u00fcreli \u00e7al\u0131\u015fma\r\nverilerinin EBBA2 veritaban\u0131na y\u00fcklenmesi b\u00fcy\u00fck oranda tamamland\u0131. Toplant\u0131 sonunda\r\nAral\u0131k 2017\u2019ye kadar sistematik \u00e7al\u0131\u015fma verilerinin ve Ocak 2018\u2019e kadar da bolluk\r\nbilgilerinin y\u00fcklenmesine karar verildi. Bunun \u00fczerine ku\u015f uzman\u0131 S\u00fcleyman Ek\u015fio\u011flu\r\nAral\u0131k 2017\u2019de ekibe kat\u0131larak, 50&#215;50 km\u2019lik kareler \u00f6l\u00e7e\u011finde t\u00fcrlerin pop\u00fclasyon\r\nb\u00fcy\u00fckl\u00fcklerini hesaplad\u0131 (bkz. Pop\u00fclasyon Tahminlerinin Olu\u015fturulmas\u0131 s. 38).\r\n\r\nEyl\u00fcl 2016\u2019da proje ekibi Almanya\u2019n\u0131n Halle kentinde d\u00fczenlenen \u2018<a href=\"http:\/\/kustr.org\/kusatlasi\/2016\/10\/konferans-birdnumbers2016\/\">BirdNumbers2016<\/a>\u2019 Birds in a Changing World (De\u011fi\u015fen D\u00fcnyada Ku\u015flar) konferans\u0131 d\u00e2hilinde yap\u0131lan EBCC toplant\u0131s\u0131na kat\u0131ld\u0131. Toplant\u0131da bilim komitesinden Dr. Esra Per ve Dr. Kiraz Erciyas Yavuz bulunarak proje ekibine destek oldu. Proje ekibi konferansta <a href=\"http:\/\/kustr.org\/kusatlasi\/2017\/03\/filling-the-gap-the-first-breeding-bird-atlas-of-turkey\/\">T\u00fcrkiye \u00dcreyen Ku\u015f Atlas\u0131n\u0131n son durumunu anlatan bir poster sundu<\/a>. Bu poster bilim komitesi taraf\u0131ndan verilen ikincilik \u00f6d\u00fcl\u00fcn\u00fc kazand\u0131. Konferans s\u0131ras\u0131nda EBBA2 ekibiyle yap\u0131lan g\u00f6r\u00fc\u015fmelerde ilk sonu\u00e7lar\u0131n sunulmas\u0131n\u0131n ard\u0131ndan T\u00fcrkiye\u2019de uygulanan metodolojide g\u00f6n\u00fcll\u00fclerin y\u00fck\u00fcn\u00fc azaltacak bir revizyon yapma karar\u0131 ile ziyaret edilen 1&#215;1 km\u2019lik kare say\u0131s\u0131 d\u00f6rtten ikiye d\u00fc\u015f\u00fcr\u00fcld\u00fc. Konferans sonras\u0131nda yay\u0131mlanan \u201cDie Vogelwelt\u201d dergisinin \u00f6zel say\u0131s\u0131nda, T\u00fcrkiye \u00dcreyen Ku\u015f Atlas\u0131n\u0131n ilk bulgular\u0131n\u0131 anlatan bir makale yay\u0131mland\u0131.\r\n\r\n\r\n<figure class=\"wp-block-embed is-type-wp-embed is-provider-turkiye-ureyen-kus-atlasi\">http:\/\/kustr.org\/kusatlasi\/2016\/08\/17-turkiye-kus-konferansina-katildik\/<\/figure>\r\n\r\n\r\n\r\n<figure class=\"wp-block-embed is-type-wp-embed is-provider-turkiye-ureyen-kus-atlasi\">http:\/\/kustr.org\/kusatlasi\/2016\/02\/turkiye-ureyen-kus-atlasi-acik-radyoda\/<\/figure>\r\n","protected":false},"excerpt":{"rendered":"<p>Arazi \u00c7al\u0131\u015fmalar\u0131: Sadece ger\u00e7ek g\u00f6zlem verilerinin kullan\u0131ld\u0131\u011f\u0131 Atlas\u2019\u0131n temelini arazi \u00e7al\u0131\u015fmalar\u0131 olu\u015fturur. Proje s\u00fcresince 2014\u2019te iki, 2015\u2019te 19, 2016\u2019da 71 ve 2017\u2019de 76 adet olmak \u00fczere toplam 127 adet 50&#215;50 km\u2019lik Atlas karesi ziyaret edilmi\u015ftir. Baz\u0131 karelerde yap\u0131lan \u00e7al\u0131\u015fmalar tek bir y\u0131lda tamamlanamam\u0131\u015f, birka\u00e7 y\u0131la da\u011f\u0131lm\u0131\u015ft\u0131r. Koordinasyon Toplant\u0131lar\u0131: 2015 y\u0131l\u0131 arazi d\u00f6nemi bitti\u011finde, projeye kat\u0131l\u0131m\u0131n [&hellip;]<\/p>\n","protected":false},"author":7,"featured_media":0,"parent":2495,"menu_order":0,"comment_status":"closed","ping_status":"closed","template":"","meta":[],"_links":{"self":[{"href":"http:\/\/kustr.org\/kusatlasi\/wp-json\/wp\/v2\/pages\/2542"}],"collection":[{"href":"http:\/\/kustr.org\/kusatlasi\/wp-json\/wp\/v2\/pages"}],"about":[{"href":"http:\/\/kustr.org\/kusatlasi\/wp-json\/wp\/v2\/types\/page"}],"author":[{"embeddable":true,"href":"http:\/\/kustr.org\/kusatlasi\/wp-json\/wp\/v2\/users\/7"}],"replies":[{"embeddable":true,"href":"http:\/\/kustr.org\/kusatlasi\/wp-json\/wp\/v2\/comments?post=2542"}],"version-history":[{"count":5,"href":"http:\/\/kustr.org\/kusatlasi\/wp-json\/wp\/v2\/pages\/2542\/revisions"}],"predecessor-version":[{"id":3276,"href":"http:\/\/kustr.org\/kusatlasi\/wp-json\/wp\/v2\/pages\/2542\/revisions\/3276"}],"up":[{"embeddable":true,"href":"http:\/\/kustr.org\/kusatlasi\/wp-json\/wp\/v2\/pages\/2495"}],"wp:attachment":[{"href":"http:\/\/kustr.org\/kusatlasi\/wp-json\/wp\/v2\/media?parent=2542"}],"curies":[{"name":"wp","href":"https:\/\/api.w.org\/{rel}","templated":true}]}}