{"id":2545,"date":"2018-07-17T21:11:33","date_gmt":"2018-07-17T18:11:33","guid":{"rendered":"http:\/\/kustr.org\/kusatlasi\/?page_id=2545"},"modified":"2018-09-10T17:18:14","modified_gmt":"2018-09-10T14:18:14","slug":"ureme-kodlari","status":"publish","type":"page","link":"http:\/\/kustr.org\/kusatlasi\/metodoloji\/ureme-kodlari\/","title":{"rendered":"\u00dcreme Kodlar\u0131"},"content":{"rendered":"<p>\u00dcreme kodlar\u0131, arazide g\u00f6zlenebilen ve ku\u015flar\u0131n \u00fcrediklerine dair ipu\u00e7lar\u0131 veren, hiyerar\u015fik bir d\u00fczende s\u0131ralanm\u0131\u015f kategorilerdir. \u00c7o\u011fu zaman bir ku\u015fun \u00fcreme s\u00fcrecini ba\u015f\u0131ndan (\u00e7ift bulma, yuva yapma) sonuna kadar (yavruyu u\u00e7urma) kadar takip etmek m\u00fcmk\u00fcn olmad\u0131\u011f\u0131 i\u00e7in, bu kategoriler kullan\u0131l\u0131r. Bu kategoriler EBBA&#8217;n\u0131n standart kategorileri olup Ku\u015fbank sisteminde de bulunabilir.<\/p>\n<pre><strong>A\u00a0\u00a0\u00a0\u00a0\u00a0\u00a0\u00a0\u00a0\u00a0\u00a0\u00a0 OLASI\r\n<\/strong>A1\u00a0\u00a0\u00a0\u00a0\u00a0\u00a0\u00a0\u00a0\u00a0\u00a0 T\u00fcr, \u00fcreme d\u00f6neminde olas\u0131 \u00fcreme HAB\u0130TATINDA g\u00f6zlendi.\r\nA2\u00a0\u00a0\u00a0\u00a0\u00a0\u00a0\u00a0\u00a0\u00a0 \u00dcreme d\u00f6neminde \u00d6TEN (ya da \u00fcreme \u00e7a\u011fr\u0131lar\u0131 duyulan) erkekler g\u00f6zlendi.\r\n\r\n<strong>B\u00a0\u00a0\u00a0\u00a0\u00a0\u00a0\u00a0\u00a0\u00a0\u00a0\u00a0 KUVVETLE OLASI\r\n<\/strong>B3\u00a0\u00a0\u00a0\u00a0\u00a0\u00a0\u00a0\u00a0\u00a0 \u00dcreme d\u00f6neminde uygun \u00fcreme habitat\u0131nda bir \u00c7\u0130FT g\u00f6zlendi.\r\nB4\u00a0\u00a0\u00a0\u00a0\u00a0\u00a0\u00a0\u00a0\u00a0 En az iki farkl\u0131 g\u00fcnde belirgin bir TER\u0130TORYUM\u2019a ait alan savunma davran\u0131\u015f\u0131 g\u00f6zlendi.\r\nB5\u00a0\u00a0\u00a0\u00a0\u00a0\u00a0\u00a0\u00a0\u00a0 \u00c7iftle\u015fme ve KUR DAVRANI\u015eI g\u00f6zlendi.\r\nB6\u00a0\u00a0\u00a0\u00a0\u00a0\u00a0\u00a0\u00a0\u00a0 Muhtemel bir YUVAYI ziyaret ederken g\u00f6zlendi.\r\nB7\u00a0\u00a0\u00a0\u00a0\u00a0\u00a0\u00a0\u00a0\u00a0 Eri\u015fkinlerin HEYECANLI davran\u0131\u015flar\u0131 ve endi\u015feli \u00f6t\u00fc\u015fleri tespit edildi.\r\nB8\u00a0\u00a0\u00a0\u00a0\u00a0\u00a0\u00a0\u00a0\u00a0 Eri\u015fkinlerde KULU\u00c7KAYA YATMA A\u00c7IKLI\u011eI belirlendi. (elde g\u00f6zlem)\r\nB9\u00a0\u00a0\u00a0\u00a0\u00a0\u00a0\u00a0\u00a0\u00a0 Yuva YAPIMI ya da yuva deli\u011fi a\u00e7ma g\u00f6zlendi.\r\n\r\n<strong>C\u00a0\u00a0\u00a0\u00a0\u00a0\u00a0\u00a0\u00a0\u00a0\u00a0\u00a0\u00a0 KES\u0130N\r\n<\/strong>C10\u00a0\u00a0\u00a0\u00a0\u00a0\u00a0\u00a0 ER\u0130\u015eK\u0130N \u0130LG\u0130Y\u0130 KEND\u0130NE \u00c7EK\u0130YOR ya da yaral\u0131 taklidi yap\u0131yor.\r\nC11\u00a0\u00a0\u00a0\u00a0\u00a0\u00a0\u00a0\u00a0 \u00c7al\u0131\u015fma y\u0131l\u0131nda kullan\u0131lan YUVA ya da \u00e7al\u0131\u015fma y\u0131l\u0131ndan kalma yumurta kabuklar\u0131 bulundu.\r\nC12\u00a0\u00a0\u00a0\u00a0\u00a0\u00a0\u00a0\u00a0 Yeni U\u00c7MAYA BA\u015eLAMI\u015e (\u00f6t\u00fcc\u00fc ku\u015flar gibi) ya da T\u00dcYS\u00dcZ yavru (tavukgiller ve su ku\u015flar\u0131 gibi) g\u00f6r\u00fcld\u00fc.\r\nC13\u00a0\u00a0\u00a0\u00a0\u00a0\u00a0\u00a0\u00a0 KULLANILAN YUVA oldu\u011funu g\u00f6steren, yuvaya giren ya da \u00e7\u0131kan bireyler (i\u00e7erisi g\u00f6r\u00fclmeyen y\u00fcksekteki yuvalar ve yuva delikleri de d\u00e2hil) ya da kulu\u00e7kaya yatan birey g\u00f6zlendi.\r\nC14\u00a0\u00a0\u00a0\u00a0\u00a0\u00a0\u00a0\u00a0 YUVAYA YEM veya YUVADAN ATIK ta\u015f\u0131yan eri\u015fkinler g\u00f6zlendi.\r\nC15\u00a0\u00a0\u00a0\u00a0\u00a0\u00a0\u00a0\u00a0 YUMURTA i\u00e7eren yuva bulundu.\r\nC16\u00a0\u00a0\u00a0\u00a0\u00a0\u00a0\u00a0\u00a0 \u0130\u00e7inde YAVRU olan ya da yavru sesi gelen YUVA bulundu.<\/pre>\n","protected":false},"excerpt":{"rendered":"<p>\u00dcreme kodlar\u0131, arazide g\u00f6zlenebilen ve ku\u015flar\u0131n \u00fcrediklerine dair ipu\u00e7lar\u0131 veren, hiyerar\u015fik bir d\u00fczende s\u0131ralanm\u0131\u015f kategorilerdir. \u00c7o\u011fu zaman bir ku\u015fun \u00fcreme s\u00fcrecini ba\u015f\u0131ndan (\u00e7ift bulma, yuva yapma) sonuna kadar (yavruyu u\u00e7urma) kadar takip etmek m\u00fcmk\u00fcn olmad\u0131\u011f\u0131 i\u00e7in, bu kategoriler kullan\u0131l\u0131r. Bu kategoriler EBBA&#8217;n\u0131n standart kategorileri olup Ku\u015fbank sisteminde de bulunabilir. A\u00a0\u00a0\u00a0\u00a0\u00a0\u00a0\u00a0\u00a0\u00a0\u00a0\u00a0 OLASI A1\u00a0\u00a0\u00a0\u00a0\u00a0\u00a0\u00a0\u00a0\u00a0\u00a0 T\u00fcr, \u00fcreme d\u00f6neminde [&hellip;]<\/p>\n","protected":false},"author":7,"featured_media":2620,"parent":2518,"menu_order":0,"comment_status":"closed","ping_status":"closed","template":"","meta":[],"_links":{"self":[{"href":"http:\/\/kustr.org\/kusatlasi\/wp-json\/wp\/v2\/pages\/2545"}],"collection":[{"href":"http:\/\/kustr.org\/kusatlasi\/wp-json\/wp\/v2\/pages"}],"about":[{"href":"http:\/\/kustr.org\/kusatlasi\/wp-json\/wp\/v2\/types\/page"}],"author":[{"embeddable":true,"href":"http:\/\/kustr.org\/kusatlasi\/wp-json\/wp\/v2\/users\/7"}],"replies":[{"embeddable":true,"href":"http:\/\/kustr.org\/kusatlasi\/wp-json\/wp\/v2\/comments?post=2545"}],"version-history":[{"count":5,"href":"http:\/\/kustr.org\/kusatlasi\/wp-json\/wp\/v2\/pages\/2545\/revisions"}],"predecessor-version":[{"id":2623,"href":"http:\/\/kustr.org\/kusatlasi\/wp-json\/wp\/v2\/pages\/2545\/revisions\/2623"}],"up":[{"embeddable":true,"href":"http:\/\/kustr.org\/kusatlasi\/wp-json\/wp\/v2\/pages\/2518"}],"wp:featuredmedia":[{"embeddable":true,"href":"http:\/\/kustr.org\/kusatlasi\/wp-json\/wp\/v2\/media\/2620"}],"wp:attachment":[{"href":"http:\/\/kustr.org\/kusatlasi\/wp-json\/wp\/v2\/media?parent=2545"}],"curies":[{"name":"wp","href":"https:\/\/api.w.org\/{rel}","templated":true}]}}