{"id":2565,"date":"2018-07-17T21:32:59","date_gmt":"2018-07-17T18:32:59","guid":{"rendered":"http:\/\/kustr.org\/kusatlasi\/?page_id=2565"},"modified":"2018-09-10T17:44:39","modified_gmt":"2018-09-10T14:44:39","slug":"calisma-donemi","status":"publish","type":"page","link":"http:\/\/kustr.org\/kusatlasi\/metodoloji\/calisma-donemi\/","title":{"rendered":"\u00c7al\u0131\u015fma D\u00f6nemi"},"content":{"rendered":"<p>Atlas d\u00e2hilindeki saha \u00e7al\u0131\u015fmalar\u0131 2014-2017 y\u0131llar\u0131 aras\u0131nda yap\u0131lm\u0131\u015ft\u0131r. Ancak saha \u00e7al\u0131\u015fmalar\u0131 yeterli seviyede olamay\u0131nca, 2000-2017 y\u0131llar\u0131 aras\u0131nda kaydedilen b\u00fct\u00fcn g\u00f6zlemler ve ara\u015ft\u0131rma raporlar\u0131 da Atlasa d\u00e2hil edilmi\u015ftir. (Bkz. Veri Derleme)<\/p>\n<p>Ku\u015flar\u0131n \u00fcreme d\u00f6nemi, e\u015fleri i\u00e7in alan savunmas\u0131 yapt\u0131klar\u0131 d\u00f6nemle ba\u015flar, e\u015f tutma, yuva kurma, yumurtlama ve yavru besleme ile devam eder; yavrular\u0131n ebeveynlerinden ba\u011f\u0131ms\u0131z hareket etmeye ba\u015flamas\u0131yla tamamlan\u0131r. Bu s\u00fcre t\u00fcrden t\u00fcre ve b\u00f6lgeden b\u00f6lgeye de\u011fi\u015fir ve baz\u0131 t\u00fcrler \u00fcreme d\u00f6neminde birden fazla bat\u0131nda kulu\u00e7kaya yatar. Bu nedenlerle en \u00e7ok say\u0131da t\u00fcr\u00fc kaydedebilmek i\u00e7in ziyaret <strong>tarihleri <\/strong>15 Mart ile 31 Temmuz aras\u0131nda planlanm\u0131\u015ft\u0131r.<\/p>\n<p>Ku\u015flar\u0131n \u00fcreme bak\u0131m\u0131ndan aktif olduklar\u0131 d\u00f6nem t\u00fcrden t\u00fcre de\u011fi\u015fiklik g\u00f6sterir. \u00d6rne\u011fin \u00f6ter ard\u0131\u00e7 (<em>Turdus philomelos<\/em>), ketenku\u015fu (<em>Linaria [Carduelis] cannabina<\/em>), orman toygar\u0131 (<em>Lullula arborea<\/em>) gibi t\u00fcrler nisan ba\u015f\u0131nda \u00fcremeye ba\u015flarken, g\u00f6\u00e7men olan ve ge\u00e7 gelen \u00e7al\u0131 b\u00fclb\u00fcl\u00fc (<em>Cercotrichas galactotes<\/em>), zeytin mukallidi (<em>Hippolais olivetorum<\/em>), alas\u0131\u011f\u0131rc\u0131k (<em>Pastor roseus<\/em>) gibi t\u00fcrler may\u0131s ortas\u0131nda yuvalar. Bu nedenle, \u00fcreyen t\u00fcrlerin eksiksiz listesini \u00e7\u0131karmak i\u00e7in, karelerin biri erken di\u011feri ge\u00e7 \u00fcreme d\u00f6neminde olmak \u00fczere iki kere ziyaret edilmesi planland\u0131. Erken \u00fcreme d\u00f6nemi i\u00e7in belirlenen tarih yakla\u015f\u0131k olarak 15 Mart- 15 May\u0131s, ge\u00e7 \u00fcreme d\u00f6nemiyse 16 May\u0131s-15 Temmuz olarak belirlendi.<\/p>\n<p><img decoding=\"async\" loading=\"lazy\" class=\"alignnone size-full wp-image-2630\" src=\"http:\/\/kustr.org\/kusatlasi\/wp-content\/uploads\/2018\/09\/\u00fcreme-takvimi.jpg\" alt=\"\" width=\"600\" height=\"226\" srcset=\"http:\/\/kustr.org\/kusatlasi\/wp-content\/uploads\/2018\/09\/\u00fcreme-takvimi.jpg 600w, http:\/\/kustr.org\/kusatlasi\/wp-content\/uploads\/2018\/09\/\u00fcreme-takvimi-300x113.jpg 300w\" sizes=\"(max-width: 600px) 100vw, 600px\" \/><\/p>\n<p>Y\u00fckseklik (rak\u0131m) ve enlem, ku\u015flar\u0131n \u00fcreme d\u00f6nemini belirleyen temel etkenlerdendir. Bu etkenler t\u00fcr i\u00e7i \u00fcreme \u00f6r\u00fcnt\u00fcs\u00fcne de etki ederek, ayn\u0131 t\u00fcr\u00fcn farkl\u0131 b\u00f6lgelerde farkl\u0131 zamanlarda yumurtlamas\u0131na yol a\u00e7abilir. Atlasta veri toplama zaman\u0131n\u0131 standart hale getirebilmek amac\u0131yla b\u00f6lgelere g\u00f6re bir tarih olu\u015fturuldu ve arazi \u00e7al\u0131\u015fmas\u0131 tarihleri bu takvime g\u00f6re belirlendi (\u015eekil 2).<\/p>\n","protected":false},"excerpt":{"rendered":"<p>Atlas d\u00e2hilindeki saha \u00e7al\u0131\u015fmalar\u0131 2014-2017 y\u0131llar\u0131 aras\u0131nda yap\u0131lm\u0131\u015ft\u0131r. Ancak saha \u00e7al\u0131\u015fmalar\u0131 yeterli seviyede olamay\u0131nca, 2000-2017 y\u0131llar\u0131 aras\u0131nda kaydedilen b\u00fct\u00fcn g\u00f6zlemler ve ara\u015ft\u0131rma raporlar\u0131 da Atlasa d\u00e2hil edilmi\u015ftir. (Bkz. Veri Derleme) Ku\u015flar\u0131n \u00fcreme d\u00f6nemi, e\u015fleri i\u00e7in alan savunmas\u0131 yapt\u0131klar\u0131 d\u00f6nemle ba\u015flar, e\u015f tutma, yuva kurma, yumurtlama ve yavru besleme ile devam eder; yavrular\u0131n ebeveynlerinden ba\u011f\u0131ms\u0131z hareket [&hellip;]<\/p>\n","protected":false},"author":7,"featured_media":0,"parent":2518,"menu_order":0,"comment_status":"closed","ping_status":"closed","template":"","meta":[],"_links":{"self":[{"href":"http:\/\/kustr.org\/kusatlasi\/wp-json\/wp\/v2\/pages\/2565"}],"collection":[{"href":"http:\/\/kustr.org\/kusatlasi\/wp-json\/wp\/v2\/pages"}],"about":[{"href":"http:\/\/kustr.org\/kusatlasi\/wp-json\/wp\/v2\/types\/page"}],"author":[{"embeddable":true,"href":"http:\/\/kustr.org\/kusatlasi\/wp-json\/wp\/v2\/users\/7"}],"replies":[{"embeddable":true,"href":"http:\/\/kustr.org\/kusatlasi\/wp-json\/wp\/v2\/comments?post=2565"}],"version-history":[{"count":3,"href":"http:\/\/kustr.org\/kusatlasi\/wp-json\/wp\/v2\/pages\/2565\/revisions"}],"predecessor-version":[{"id":2632,"href":"http:\/\/kustr.org\/kusatlasi\/wp-json\/wp\/v2\/pages\/2565\/revisions\/2632"}],"up":[{"embeddable":true,"href":"http:\/\/kustr.org\/kusatlasi\/wp-json\/wp\/v2\/pages\/2518"}],"wp:attachment":[{"href":"http:\/\/kustr.org\/kusatlasi\/wp-json\/wp\/v2\/media?parent=2565"}],"curies":[{"name":"wp","href":"https:\/\/api.w.org\/{rel}","templated":true}]}}