{"id":2659,"date":"2018-09-10T21:21:41","date_gmt":"2018-09-10T18:21:41","guid":{"rendered":"http:\/\/kustr.org\/kusatlasi\/?page_id=2659"},"modified":"2019-09-17T19:05:20","modified_gmt":"2019-09-17T16:05:20","slug":"haritalarin-aciklamalari","status":"publish","type":"page","link":"http:\/\/kustr.org\/kusatlasi\/tur-haritalari\/haritalarin-aciklamalari\/","title":{"rendered":"Haritalar\u0131n A\u00e7\u0131klamalar\u0131"},"content":{"rendered":"<p>Bu k\u0131s\u0131mda T\u00fcrkiye\u2019de \u00fcreyen 317 t\u00fcr\u00fcn bir listesi ve haritalar\u0131 verilmi\u015ftir. Haritalar Ku\u015fBank\u2019ta kullan\u0131lan sistematik (taksonomik) s\u0131ray\u0131 takip eder ve T\u00fcrk\u00e7e ve bilimsel isimleri i\u00e7erir.<\/p>\n<p>Haritalar\u0131n iyi anla\u015f\u0131lmas\u0131 i\u00e7in \u00e7al\u0131\u015fman\u0131n ciddi oranda eksik kald\u0131\u011f\u0131 kareler lejantta i\u015faretlenmi\u015ftir.<\/p>\n<p><img decoding=\"async\" loading=\"lazy\" class=\"alignnone size-full wp-image-2661\" src=\"http:\/\/kustr.org\/kusatlasi\/wp-content\/uploads\/2018\/09\/lejant.png\" alt=\"\" width=\"480\" height=\"187\" srcset=\"http:\/\/kustr.org\/kusatlasi\/wp-content\/uploads\/2018\/09\/lejant.png 480w, http:\/\/kustr.org\/kusatlasi\/wp-content\/uploads\/2018\/09\/lejant-300x117.png 300w\" sizes=\"(max-width: 480px) 100vw, 480px\" \/><\/p>\n<p>Baz\u0131 t\u00fcrlerin soylar\u0131 son derece azalm\u0131\u015f ve ya yasad\u0131\u015f\u0131 yaban hayat\u0131 ka\u00e7ak\u00e7\u0131s\u0131 ya da ka\u00e7ak avc\u0131 bask\u0131s\u0131 nedeniyle yok olmak \u00fczeredir. Bu t\u00fcrler b\u0131y\u0131kl\u0131 do\u011fan (<em>Falco biarmicus<\/em>), ulu do\u011fan (<em>Falco cherrug<\/em>), mezgeldek (<em>Tetrax tetrax<\/em>) ve toydur (<em>Otis tarda<\/em>). Bunlar\u0131n haritalar\u0131 var olan ku\u015flar\u0131n soyunu tehlikeye atmamak i\u00e7in verilmemi\u015ftir.<\/p>\n<p>Baz\u0131 yerli t\u00fcrlerin pop\u00fclasyonlar\u0131 da evcil ku\u015flarla kar\u0131\u015fm\u0131\u015ft\u0131r. S\u00fcl\u00fcn (<em>Phasianus colchicus<\/em>), k\u0131nal\u0131 keklik (<em>Alectoris chukar<\/em>) ve kaya g\u00fcvercin (<em>Columba livia<\/em>) pop\u00fclasyonlar\u0131, k\u0131smen genetik \u00f6zellikleri farkl\u0131la\u015fm\u0131\u015f evcil veya av i\u00e7in sal\u0131nan ku\u015flarla kar\u0131\u015fm\u0131\u015ft\u0131r. Haritalarda bu t\u00fcrlerin farkl\u0131 pop\u00fclasyonlar\u0131n\u0131 birbirinden ay\u0131rmak m\u00fcmk\u00fcn olamam\u0131\u015ft\u0131r.<\/p>\n<p>Bu haritalar\u0131n veri tablosuna, grafik dosyalar\u0131na ve kaynak tablolar\u0131na Ku\u015f Atlas\u0131 internet sitesinden eri\u015febilirsiniz.<\/p>\n<p><strong>En g\u00fcncel t\u00fcr haritalar\u0131 T\u00fcrkiye \u00dcreyen Ku\u015f Atlas\u0131 raporunda bulunmaktad\u0131r!<\/strong><\/p>\n<p>&nbsp;<\/p>\n","protected":false},"excerpt":{"rendered":"<p>Bu k\u0131s\u0131mda T\u00fcrkiye\u2019de \u00fcreyen 317 t\u00fcr\u00fcn bir listesi ve haritalar\u0131 verilmi\u015ftir. Haritalar Ku\u015fBank\u2019ta kullan\u0131lan sistematik (taksonomik) s\u0131ray\u0131 takip eder ve T\u00fcrk\u00e7e ve bilimsel isimleri i\u00e7erir. Haritalar\u0131n iyi anla\u015f\u0131lmas\u0131 i\u00e7in \u00e7al\u0131\u015fman\u0131n ciddi oranda eksik kald\u0131\u011f\u0131 kareler lejantta i\u015faretlenmi\u015ftir. Baz\u0131 t\u00fcrlerin soylar\u0131 son derece azalm\u0131\u015f ve ya yasad\u0131\u015f\u0131 yaban hayat\u0131 ka\u00e7ak\u00e7\u0131s\u0131 ya da ka\u00e7ak avc\u0131 bask\u0131s\u0131 nedeniyle [&hellip;]<\/p>\n","protected":false},"author":7,"featured_media":2660,"parent":2654,"menu_order":0,"comment_status":"closed","ping_status":"closed","template":"","meta":[],"_links":{"self":[{"href":"http:\/\/kustr.org\/kusatlasi\/wp-json\/wp\/v2\/pages\/2659"}],"collection":[{"href":"http:\/\/kustr.org\/kusatlasi\/wp-json\/wp\/v2\/pages"}],"about":[{"href":"http:\/\/kustr.org\/kusatlasi\/wp-json\/wp\/v2\/types\/page"}],"author":[{"embeddable":true,"href":"http:\/\/kustr.org\/kusatlasi\/wp-json\/wp\/v2\/users\/7"}],"replies":[{"embeddable":true,"href":"http:\/\/kustr.org\/kusatlasi\/wp-json\/wp\/v2\/comments?post=2659"}],"version-history":[{"count":5,"href":"http:\/\/kustr.org\/kusatlasi\/wp-json\/wp\/v2\/pages\/2659\/revisions"}],"predecessor-version":[{"id":3290,"href":"http:\/\/kustr.org\/kusatlasi\/wp-json\/wp\/v2\/pages\/2659\/revisions\/3290"}],"up":[{"embeddable":true,"href":"http:\/\/kustr.org\/kusatlasi\/wp-json\/wp\/v2\/pages\/2654"}],"wp:featuredmedia":[{"embeddable":true,"href":"http:\/\/kustr.org\/kusatlasi\/wp-json\/wp\/v2\/media\/2660"}],"wp:attachment":[{"href":"http:\/\/kustr.org\/kusatlasi\/wp-json\/wp\/v2\/media?parent=2659"}],"curies":[{"name":"wp","href":"https:\/\/api.w.org\/{rel}","templated":true}]}}