{"id":3048,"date":"2018-09-11T14:37:19","date_gmt":"2018-09-11T11:37:19","guid":{"rendered":"http:\/\/kustr.org\/kusatlasi\/?page_id=3048"},"modified":"2018-09-12T03:06:27","modified_gmt":"2018-09-12T00:06:27","slug":"saha-calismalari","status":"publish","type":"page","link":"http:\/\/kustr.org\/kusatlasi\/saha-calismalari\/","title":{"rendered":"Saha \u00c7al\u0131\u015fmas\u0131"},"content":{"rendered":"\n<p>Ku\u015f g\u00f6zlemcileri, farkl\u0131 t\u00fcrleri g\u00f6rmek i\u00e7in de\u011fi\u015fik mevsimlerde yeni alanlara giderek farkl\u0131 habitatlar\u0131 ziyaret ederler. Atlasa kat\u0131lan amat\u00f6r g\u00f6zlemcilerden istenenler \u015funlard\u0131r:<\/p>\n\n\n\n<ul><li>Hangi alanlara gideceklerini bildirmeleri (kare rezervasyon sistemi).<\/li><li>G\u00f6zlemlerine en az 1 saat devam etmeleri<br\/><\/li><li>G\u00f6rd\u00fckleri t\u00fcm t\u00fcrleri \u00fcreme kodlar\u0131yla beraber kaydetmeleri.<\/li><\/ul>\n\n\n\n<p>Atlas \u00e7al\u0131\u015fmas\u0131 i\u00e7in g\u00f6n\u00fcll\u00fclerin bir 50\u00d750 km\u2019lik atlas karesi rezerve etmeleri te\u015fvik edildi.\u00a0 Bir 50\u00d750 km\u2019lik kareyi rezerve eden g\u00f6n\u00fcll\u00fc, asgari 4 g\u00fcnde \u00e7al\u0131\u015fmay\u0131 tamamlayabildi.<\/p>\n\n\n\n<figure class=\"wp-block-image\"><img decoding=\"async\" loading=\"lazy\" width=\"1200\" height=\"1986\" src=\"http:\/\/kustr.org\/kusatlasi\/wp-content\/uploads\/2018\/09\/atlas-infogramV2.jpeg\" alt=\"\" class=\"wp-image-2633\" srcset=\"http:\/\/kustr.org\/kusatlasi\/wp-content\/uploads\/2018\/09\/atlas-infogramV2.jpeg 1200w, http:\/\/kustr.org\/kusatlasi\/wp-content\/uploads\/2018\/09\/atlas-infogramV2-181x300.jpeg 181w, http:\/\/kustr.org\/kusatlasi\/wp-content\/uploads\/2018\/09\/atlas-infogramV2-768x1271.jpeg 768w, http:\/\/kustr.org\/kusatlasi\/wp-content\/uploads\/2018\/09\/atlas-infogramV2-619x1024.jpeg 619w\" sizes=\"(max-width: 1200px) 100vw, 1200px\" \/><\/figure>\n","protected":false},"excerpt":{"rendered":"<p>Ku\u015f g\u00f6zlemcileri, farkl\u0131 t\u00fcrleri g\u00f6rmek i\u00e7in de\u011fi\u015fik mevsimlerde yeni alanlara giderek farkl\u0131 habitatlar\u0131 ziyaret ederler. Atlasa kat\u0131lan amat\u00f6r g\u00f6zlemcilerden istenenler \u015funlard\u0131r: Hangi alanlara gideceklerini bildirmeleri (kare rezervasyon sistemi). G\u00f6zlemlerine en az 1 saat devam etmeleri G\u00f6rd\u00fckleri t\u00fcm t\u00fcrleri \u00fcreme kodlar\u0131yla beraber kaydetmeleri. Atlas \u00e7al\u0131\u015fmas\u0131 i\u00e7in g\u00f6n\u00fcll\u00fclerin bir 50\u00d750 km\u2019lik atlas karesi rezerve etmeleri te\u015fvik edildi.\u00a0 [&hellip;]<\/p>\n","protected":false},"author":7,"featured_media":0,"parent":0,"menu_order":0,"comment_status":"closed","ping_status":"closed","template":"","meta":[],"_links":{"self":[{"href":"http:\/\/kustr.org\/kusatlasi\/wp-json\/wp\/v2\/pages\/3048"}],"collection":[{"href":"http:\/\/kustr.org\/kusatlasi\/wp-json\/wp\/v2\/pages"}],"about":[{"href":"http:\/\/kustr.org\/kusatlasi\/wp-json\/wp\/v2\/types\/page"}],"author":[{"embeddable":true,"href":"http:\/\/kustr.org\/kusatlasi\/wp-json\/wp\/v2\/users\/7"}],"replies":[{"embeddable":true,"href":"http:\/\/kustr.org\/kusatlasi\/wp-json\/wp\/v2\/comments?post=3048"}],"version-history":[{"count":5,"href":"http:\/\/kustr.org\/kusatlasi\/wp-json\/wp\/v2\/pages\/3048\/revisions"}],"predecessor-version":[{"id":3081,"href":"http:\/\/kustr.org\/kusatlasi\/wp-json\/wp\/v2\/pages\/3048\/revisions\/3081"}],"wp:attachment":[{"href":"http:\/\/kustr.org\/kusatlasi\/wp-json\/wp\/v2\/media?parent=3048"}],"curies":[{"name":"wp","href":"https:\/\/api.w.org\/{rel}","templated":true}]}}