{"id":3115,"date":"2018-09-12T03:56:21","date_gmt":"2018-09-12T00:56:21","guid":{"rendered":"http:\/\/kustr.org\/kusatlasi\/?page_id=3115"},"modified":"2018-09-12T04:08:57","modified_gmt":"2018-09-12T01:08:57","slug":"taslak-haritalarin-revizyonu","status":"publish","type":"page","link":"http:\/\/kustr.org\/kusatlasi\/taslak-haritalarin-revizyonu\/","title":{"rendered":"Taslak Haritalar\u0131n Revizyonu"},"content":{"rendered":"\n<p>B\u00f6yle bir veri setinin uzmanlarca incelenmesi ancak olu\u015fturulan haritalarla m\u00fcmk\u00fcn oldu. Olu\u015fturulan ilk veri seti, taslak t\u00fcr haritalar\u0131na d\u00f6n\u00fc\u015ft\u00fcr\u00fcld\u00fc ve uzmanlar\u0131n incelemesine sunuldu. 2017 Ekim ve 2018 Ocak aylar\u0131nda proje ekibi, uzman ku\u015f g\u00f6zlemciler ve ornitologlarla birka\u00e7 kez topland\u0131. <\/p>\n\n\n\n<p>Bunun d\u0131\u015f\u0131nda, EBBA2\u2019nin sundu\u011fu \u00e7evrimi\u00e7i harita sisteminden de yararlan\u0131ld\u0131. Taslak veri seti sisteme y\u00fcklendi\u011finde, atlas haritalar\u0131 herkesin sunumuna a\u00e7\u0131ld\u0131. <br\/><\/p>\n\n\n\n<p>Bu s\u00fcre\u00e7te a\u015fa\u011f\u0131daki d\u00fczeltmeler yap\u0131ld\u0131:<\/p>\n\n\n\n<ul><li>Ge\u00e7ersiz ve dayanaks\u0131z kay\u0131tlar\u0131n silinmesi<\/li><li>\u00dcreme kodu verilmi\u015f olsa da, g\u00f6\u00e7e ait g\u00f6zlemlerin ay\u0131klanmas\u0131<\/li><li>Bilinen co\u011frafi da\u011f\u0131l\u0131m alan\u0131 d\u0131\u015f\u0131ndaki kay\u0131tlar\u0131n silinmesi<\/li><li>Alanda \u00fcreme kolonisi bulunmayan su ku\u015fu kay\u0131tlar\u0131n\u0131n silinmesi<\/li><li>Eksik verilerin d\u00e2hil edilmesi<\/li><\/ul>\n\n\n\n<figure class=\"wp-block-embed is-type-wp-embed is-provider-turkiye-ureyen-kus-atlasi\">\n<blockquote class=\"wp-embedded-content\" data-secret=\"ZuQiAVLXh5\"><a href=\"http:\/\/kustr.org\/kusatlasi\/2017\/11\/kus-atlasi-uzman-calismalari-istanbul-bulusmasi\/\">Ku\u015f Atlas\u0131 Uzman \u00c7al\u0131\u015fmalar\u0131: \u0130stanbul Bulu\u015fmas\u0131<\/a><\/blockquote><iframe class=\"wp-embedded-content\" sandbox=\"allow-scripts\" security=\"restricted\" style=\"position: absolute; clip: rect(1px, 1px, 1px, 1px);\" src=\"http:\/\/kustr.org\/kusatlasi\/2017\/11\/kus-atlasi-uzman-calismalari-istanbul-bulusmasi\/embed\/#?secret=ZuQiAVLXh5\" data-secret=\"ZuQiAVLXh5\" width=\"600\" height=\"338\" title=\"&#8220;Ku\u015f Atlas\u0131 Uzman \u00c7al\u0131\u015fmalar\u0131: \u0130stanbul Bulu\u015fmas\u0131&#8221; &#8212; T\u00fcrkiye \u00dcreyen Ku\u015f Atlas\u0131\" frameborder=\"0\" marginwidth=\"0\" marginheight=\"0\" scrolling=\"no\"><\/iframe>\n<\/figure>\n\n\n\n<figure class=\"wp-block-embed is-type-wp-embed is-provider-turkiye-ureyen-kus-atlasi\">\n<blockquote class=\"wp-embedded-content\" data-secret=\"c3yxWfICpi\"><a href=\"http:\/\/kustr.org\/kusatlasi\/2018\/02\/turkiyenin-kus-atlasi-hazir\/\">T\u00fcrkiye\u2019nin Ku\u015f Atlas\u0131 haz\u0131r!<\/a><\/blockquote><iframe class=\"wp-embedded-content\" sandbox=\"allow-scripts\" security=\"restricted\" style=\"position: absolute; clip: rect(1px, 1px, 1px, 1px);\" src=\"http:\/\/kustr.org\/kusatlasi\/2018\/02\/turkiyenin-kus-atlasi-hazir\/embed\/#?secret=c3yxWfICpi\" data-secret=\"c3yxWfICpi\" width=\"600\" height=\"338\" title=\"&#8220;T\u00fcrkiye\u2019nin Ku\u015f Atlas\u0131 haz\u0131r!&#8221; &#8212; T\u00fcrkiye \u00dcreyen Ku\u015f Atlas\u0131\" frameborder=\"0\" marginwidth=\"0\" marginheight=\"0\" scrolling=\"no\"><\/iframe>\n<\/figure>\n\n\n\n<figure class=\"wp-block-embed is-type-wp-embed is-provider-turkiye-ureyen-kus-atlasi\">\n<blockquote class=\"wp-embedded-content\" data-secret=\"itj9R4LsNM\"><a href=\"http:\/\/kustr.org\/kusatlasi\/2017\/11\/dagilim-haritalarinda-ilginc-sonuclar-turac-maskeli-orumcekkusu-buyuk-kizkusu-tepeli-karabatak\/\">Da\u011f\u0131l\u0131m Haritalar\u0131nda \u0130lgin\u00e7 Sonu\u00e7lar: Tura\u00e7, Maskeli \u00d6r\u00fcmcekku\u015fu, B\u00fcy\u00fck K\u0131zku\u015fu, Tepeli Karabatak<\/a><\/blockquote><iframe class=\"wp-embedded-content\" sandbox=\"allow-scripts\" security=\"restricted\" style=\"position: absolute; clip: rect(1px, 1px, 1px, 1px);\" src=\"http:\/\/kustr.org\/kusatlasi\/2017\/11\/dagilim-haritalarinda-ilginc-sonuclar-turac-maskeli-orumcekkusu-buyuk-kizkusu-tepeli-karabatak\/embed\/#?secret=itj9R4LsNM\" data-secret=\"itj9R4LsNM\" width=\"600\" height=\"338\" title=\"&#8220;Da\u011f\u0131l\u0131m Haritalar\u0131nda \u0130lgin\u00e7 Sonu\u00e7lar: Tura\u00e7, Maskeli \u00d6r\u00fcmcekku\u015fu, B\u00fcy\u00fck K\u0131zku\u015fu, Tepeli Karabatak&#8221; &#8212; T\u00fcrkiye \u00dcreyen Ku\u015f Atlas\u0131\" frameborder=\"0\" marginwidth=\"0\" marginheight=\"0\" scrolling=\"no\"><\/iframe>\n<\/figure>\n","protected":false},"excerpt":{"rendered":"<p>B\u00f6yle bir veri setinin uzmanlarca incelenmesi ancak olu\u015fturulan haritalarla m\u00fcmk\u00fcn oldu. Olu\u015fturulan ilk veri seti, taslak t\u00fcr haritalar\u0131na d\u00f6n\u00fc\u015ft\u00fcr\u00fcld\u00fc ve uzmanlar\u0131n incelemesine sunuldu. 2017 Ekim ve 2018 Ocak aylar\u0131nda proje ekibi, uzman ku\u015f g\u00f6zlemciler ve ornitologlarla birka\u00e7 kez topland\u0131. Bunun d\u0131\u015f\u0131nda, EBBA2\u2019nin sundu\u011fu \u00e7evrimi\u00e7i harita sisteminden de yararlan\u0131ld\u0131. Taslak veri seti sisteme y\u00fcklendi\u011finde, atlas haritalar\u0131 [&hellip;]<\/p>\n","protected":false},"author":7,"featured_media":0,"parent":0,"menu_order":0,"comment_status":"closed","ping_status":"closed","template":"","meta":[],"_links":{"self":[{"href":"http:\/\/kustr.org\/kusatlasi\/wp-json\/wp\/v2\/pages\/3115"}],"collection":[{"href":"http:\/\/kustr.org\/kusatlasi\/wp-json\/wp\/v2\/pages"}],"about":[{"href":"http:\/\/kustr.org\/kusatlasi\/wp-json\/wp\/v2\/types\/page"}],"author":[{"embeddable":true,"href":"http:\/\/kustr.org\/kusatlasi\/wp-json\/wp\/v2\/users\/7"}],"replies":[{"embeddable":true,"href":"http:\/\/kustr.org\/kusatlasi\/wp-json\/wp\/v2\/comments?post=3115"}],"version-history":[{"count":4,"href":"http:\/\/kustr.org\/kusatlasi\/wp-json\/wp\/v2\/pages\/3115\/revisions"}],"predecessor-version":[{"id":3131,"href":"http:\/\/kustr.org\/kusatlasi\/wp-json\/wp\/v2\/pages\/3115\/revisions\/3131"}],"wp:attachment":[{"href":"http:\/\/kustr.org\/kusatlasi\/wp-json\/wp\/v2\/media?parent=3115"}],"curies":[{"name":"wp","href":"https:\/\/api.w.org\/{rel}","templated":true}]}}