{"id":3122,"date":"2018-09-12T04:02:34","date_gmt":"2018-09-12T01:02:34","guid":{"rendered":"http:\/\/kustr.org\/kusatlasi\/?page_id=3122"},"modified":"2018-09-12T04:50:13","modified_gmt":"2018-09-12T01:50:13","slug":"ilk-sonuclar-2014-2017","status":"publish","type":"page","link":"http:\/\/kustr.org\/kusatlasi\/saha-calismalari\/ilk-sonuclar-2014-2017\/","title":{"rendered":"\u0130lk Sonu\u00e7lar: 2014-2017"},"content":{"rendered":"\n<p> T\u00fcrkiye \u00dcreyen Ku\u015f Atlas\u0131n\u0131n temelini arazi \u00e7al\u0131\u015fmalar\u0131 olu\u015fturmaktad\u0131r. 2014\u2019te 2, 2015\u2019te 28, 2016 y\u0131l\u0131nda 71 ve 2017 y\u0131l\u0131nda 76 adet olmak \u00fczere toplam 127 adet[1] 50 km\u2019lik atlas karesi proje s\u00fcresince ziyaret edilmi\u015ftir. <\/p>\n\n\n\n<figure class=\"wp-block-image\"><a href=\"http:\/\/kustr.org\/kusatlasi\/wp-content\/uploads\/2017\/12\/atlasworkds.jpg\"><img decoding=\"async\" loading=\"lazy\" width=\"2509\" height=\"1405\" src=\"http:\/\/kustr.org\/kusatlasi\/wp-content\/uploads\/2017\/12\/atlasworkds.jpg\" alt=\"\" class=\"wp-image-2411\" srcset=\"http:\/\/kustr.org\/kusatlasi\/wp-content\/uploads\/2017\/12\/atlasworkds.jpg 2509w, http:\/\/kustr.org\/kusatlasi\/wp-content\/uploads\/2017\/12\/atlasworkds-300x168.jpg 300w, http:\/\/kustr.org\/kusatlasi\/wp-content\/uploads\/2017\/12\/atlasworkds-768x430.jpg 768w, http:\/\/kustr.org\/kusatlasi\/wp-content\/uploads\/2017\/12\/atlasworkds-1024x573.jpg 1024w\" sizes=\"(max-width: 2509px) 100vw, 2509px\" \/><\/a><\/figure>\n\n\n\n<p>Alado\u011fan&#8217;\u0131n (Falco vespertinus) T\u00fcrkiye&#8217;de ilk defa KES\u0130N olarak \u00fcredi\u011fi tespit edilmi\u015ftir.<\/p>\n\n\n\n<figure class=\"wp-block-embed is-type-wp-embed is-provider-turkiye-ureyen-kus-atlasi\">\n<blockquote class=\"wp-embedded-content\" data-secret=\"q21gI6YnSR\"><a href=\"http:\/\/kustr.org\/kusatlasi\/2016\/09\/aladogan-icin-ureme-kodu-c13\/\">Alado\u011fan (Falco vespertinus) \u0130\u00e7in \u00dcreme Kodu C13!<\/a><\/blockquote><iframe class=\"wp-embedded-content\" sandbox=\"allow-scripts\" security=\"restricted\" style=\"position: absolute; clip: rect(1px, 1px, 1px, 1px);\" src=\"http:\/\/kustr.org\/kusatlasi\/2016\/09\/aladogan-icin-ureme-kodu-c13\/embed\/#?secret=q21gI6YnSR\" data-secret=\"q21gI6YnSR\" width=\"600\" height=\"338\" title=\"&#8220;Alado\u011fan (Falco vespertinus) \u0130\u00e7in \u00dcreme Kodu C13!&#8221; &#8212; T\u00fcrkiye \u00dcreyen Ku\u015f Atlas\u0131\" frameborder=\"0\" marginwidth=\"0\" marginheight=\"0\" scrolling=\"no\"><\/iframe>\n<\/figure>\n\n\n\n<figure class=\"wp-block-embed is-type-wp-embed is-provider-turkiye-ureyen-kus-atlasi\">\n<blockquote class=\"wp-embedded-content\" data-secret=\"5sIiHGDTq9\"><a href=\"http:\/\/kustr.org\/kusatlasi\/2016\/08\/atlas-top-50\/\">Atlas Top 50<\/a><\/blockquote><iframe class=\"wp-embedded-content\" sandbox=\"allow-scripts\" security=\"restricted\" style=\"position: absolute; clip: rect(1px, 1px, 1px, 1px);\" src=\"http:\/\/kustr.org\/kusatlasi\/2016\/08\/atlas-top-50\/embed\/#?secret=5sIiHGDTq9\" data-secret=\"5sIiHGDTq9\" width=\"600\" height=\"338\" title=\"&#8220;Atlas Top 50&#8221; &#8212; T\u00fcrkiye \u00dcreyen Ku\u015f Atlas\u0131\" frameborder=\"0\" marginwidth=\"0\" marginheight=\"0\" scrolling=\"no\"><\/iframe>\n<\/figure>\n","protected":false},"excerpt":{"rendered":"<p>T\u00fcrkiye \u00dcreyen Ku\u015f Atlas\u0131n\u0131n temelini arazi \u00e7al\u0131\u015fmalar\u0131 olu\u015fturmaktad\u0131r. 2014\u2019te 2, 2015\u2019te 28, 2016 y\u0131l\u0131nda 71 ve 2017 y\u0131l\u0131nda 76 adet olmak \u00fczere toplam 127 adet[1] 50 km\u2019lik atlas karesi proje s\u00fcresince ziyaret edilmi\u015ftir. Alado\u011fan&#8217;\u0131n (Falco vespertinus) T\u00fcrkiye&#8217;de ilk defa KES\u0130N olarak \u00fcredi\u011fi tespit edilmi\u015ftir.<\/p>\n","protected":false},"author":7,"featured_media":0,"parent":3048,"menu_order":0,"comment_status":"closed","ping_status":"closed","template":"","meta":[],"_links":{"self":[{"href":"http:\/\/kustr.org\/kusatlasi\/wp-json\/wp\/v2\/pages\/3122"}],"collection":[{"href":"http:\/\/kustr.org\/kusatlasi\/wp-json\/wp\/v2\/pages"}],"about":[{"href":"http:\/\/kustr.org\/kusatlasi\/wp-json\/wp\/v2\/types\/page"}],"author":[{"embeddable":true,"href":"http:\/\/kustr.org\/kusatlasi\/wp-json\/wp\/v2\/users\/7"}],"replies":[{"embeddable":true,"href":"http:\/\/kustr.org\/kusatlasi\/wp-json\/wp\/v2\/comments?post=3122"}],"version-history":[{"count":4,"href":"http:\/\/kustr.org\/kusatlasi\/wp-json\/wp\/v2\/pages\/3122\/revisions"}],"predecessor-version":[{"id":3169,"href":"http:\/\/kustr.org\/kusatlasi\/wp-json\/wp\/v2\/pages\/3122\/revisions\/3169"}],"up":[{"embeddable":true,"href":"http:\/\/kustr.org\/kusatlasi\/wp-json\/wp\/v2\/pages\/3048"}],"wp:attachment":[{"href":"http:\/\/kustr.org\/kusatlasi\/wp-json\/wp\/v2\/media?parent=3122"}],"curies":[{"name":"wp","href":"https:\/\/api.w.org\/{rel}","templated":true}]}}