{"id":3132,"date":"2018-09-12T04:10:40","date_gmt":"2018-09-12T01:10:40","guid":{"rendered":"http:\/\/kustr.org\/kusatlasi\/?page_id=3132"},"modified":"2018-09-12T04:10:40","modified_gmt":"2018-09-12T01:10:40","slug":"modelleme","status":"publish","type":"page","link":"http:\/\/kustr.org\/kusatlasi\/modelleme\/","title":{"rendered":"Modelleme"},"content":{"rendered":"\n<figure class=\"wp-block-embed is-type-wp-embed is-provider-turkiye-ureyen-kus-atlasi\">\n<blockquote class=\"wp-embedded-content\" data-secret=\"qC8G9oN0vP\"><a href=\"http:\/\/kustr.org\/kusatlasi\/2018\/04\/kus-turlerinin-dagilimi-modelleniyor\/\">Ku\u015f T\u00fcrlerinin Da\u011f\u0131l\u0131m\u0131 Modelleniyor<\/a><\/blockquote><iframe class=\"wp-embedded-content\" sandbox=\"allow-scripts\" security=\"restricted\" style=\"position: absolute; clip: rect(1px, 1px, 1px, 1px);\" src=\"http:\/\/kustr.org\/kusatlasi\/2018\/04\/kus-turlerinin-dagilimi-modelleniyor\/embed\/#?secret=qC8G9oN0vP\" data-secret=\"qC8G9oN0vP\" width=\"600\" height=\"338\" title=\"&#8220;Ku\u015f T\u00fcrlerinin Da\u011f\u0131l\u0131m\u0131 Modelleniyor&#8221; &#8212; T\u00fcrkiye \u00dcreyen Ku\u015f Atlas\u0131\" frameborder=\"0\" marginwidth=\"0\" marginheight=\"0\" scrolling=\"no\"><\/iframe>\n<\/figure>\n","protected":false},"excerpt":{"rendered":"","protected":false},"author":7,"featured_media":2477,"parent":0,"menu_order":0,"comment_status":"closed","ping_status":"closed","template":"","meta":[],"_links":{"self":[{"href":"http:\/\/kustr.org\/kusatlasi\/wp-json\/wp\/v2\/pages\/3132"}],"collection":[{"href":"http:\/\/kustr.org\/kusatlasi\/wp-json\/wp\/v2\/pages"}],"about":[{"href":"http:\/\/kustr.org\/kusatlasi\/wp-json\/wp\/v2\/types\/page"}],"author":[{"embeddable":true,"href":"http:\/\/kustr.org\/kusatlasi\/wp-json\/wp\/v2\/users\/7"}],"replies":[{"embeddable":true,"href":"http:\/\/kustr.org\/kusatlasi\/wp-json\/wp\/v2\/comments?post=3132"}],"version-history":[{"count":1,"href":"http:\/\/kustr.org\/kusatlasi\/wp-json\/wp\/v2\/pages\/3132\/revisions"}],"predecessor-version":[{"id":3133,"href":"http:\/\/kustr.org\/kusatlasi\/wp-json\/wp\/v2\/pages\/3132\/revisions\/3133"}],"wp:featuredmedia":[{"embeddable":true,"href":"http:\/\/kustr.org\/kusatlasi\/wp-json\/wp\/v2\/media\/2477"}],"wp:attachment":[{"href":"http:\/\/kustr.org\/kusatlasi\/wp-json\/wp\/v2\/media?parent=3132"}],"curies":[{"name":"wp","href":"https:\/\/api.w.org\/{rel}","templated":true}]}}