{"id":3165,"date":"2018-09-12T04:47:17","date_gmt":"2018-09-12T01:47:17","guid":{"rendered":"http:\/\/kustr.org\/kusatlasi\/?page_id=3165"},"modified":"2018-09-12T04:47:17","modified_gmt":"2018-09-12T01:47:17","slug":"kare-rezervasyonu","status":"publish","type":"page","link":"http:\/\/kustr.org\/kusatlasi\/saha-calismalari\/kare-rezervasyonu\/","title":{"rendered":"Kare Rezervasyonu"},"content":{"rendered":"\n<p>\nAtlas \u00e7al\u0131\u015fmas\u0131 i\u00e7in g\u00f6n\u00fcll\u00fclerin bir 50&#215;50 km\u2019lik atlas karesi rezerve etmeleri te\u015fvik edildi. Bir g\u00f6zlemci bir alan\u0131 ne kadar s\u0131k ziyaret ederse, o alandan ve dolay\u0131s\u0131yla ilgili kareden o kadar fazla t\u00fcr \u00e7\u0131karabiliyordu. Bu \u015fekilde hem proje ekibinin veri ve g\u00f6n\u00fcll\u00fc y\u00f6netimi daha verimli oldu, hem de g\u00f6zlemcilerin ayn\u0131 kareyi defalarca ziyaret etmeleri ve alan\u0131 iyice tan\u0131malar\u0131 te\u015fvik edilerek, edindikleri tecr\u00fcbeler do\u011frultusunda ilgili kare i\u00e7in yeni t\u00fcr kay\u0131tlar\u0131 olu\u015fturmalar\u0131 sa\u011fland\u0131. Bir 50&#215;50 km\u2019lik kareyi rezerve eden g\u00f6n\u00fcll\u00fc, asgari 4 g\u00fcnde \u00e7al\u0131\u015fmay\u0131 tamamlayabildi.\n\n<\/p>\n","protected":false},"excerpt":{"rendered":"<p>Atlas \u00e7al\u0131\u015fmas\u0131 i\u00e7in g\u00f6n\u00fcll\u00fclerin bir 50&#215;50 km\u2019lik atlas karesi rezerve etmeleri te\u015fvik edildi. Bir g\u00f6zlemci bir alan\u0131 ne kadar s\u0131k ziyaret ederse, o alandan ve dolay\u0131s\u0131yla ilgili kareden o kadar fazla t\u00fcr \u00e7\u0131karabiliyordu. Bu \u015fekilde hem proje ekibinin veri ve g\u00f6n\u00fcll\u00fc y\u00f6netimi daha verimli oldu, hem de g\u00f6zlemcilerin ayn\u0131 kareyi defalarca ziyaret etmeleri ve alan\u0131 [&hellip;]<\/p>\n","protected":false},"author":7,"featured_media":2325,"parent":3048,"menu_order":0,"comment_status":"closed","ping_status":"closed","template":"","meta":[],"_links":{"self":[{"href":"http:\/\/kustr.org\/kusatlasi\/wp-json\/wp\/v2\/pages\/3165"}],"collection":[{"href":"http:\/\/kustr.org\/kusatlasi\/wp-json\/wp\/v2\/pages"}],"about":[{"href":"http:\/\/kustr.org\/kusatlasi\/wp-json\/wp\/v2\/types\/page"}],"author":[{"embeddable":true,"href":"http:\/\/kustr.org\/kusatlasi\/wp-json\/wp\/v2\/users\/7"}],"replies":[{"embeddable":true,"href":"http:\/\/kustr.org\/kusatlasi\/wp-json\/wp\/v2\/comments?post=3165"}],"version-history":[{"count":1,"href":"http:\/\/kustr.org\/kusatlasi\/wp-json\/wp\/v2\/pages\/3165\/revisions"}],"predecessor-version":[{"id":3166,"href":"http:\/\/kustr.org\/kusatlasi\/wp-json\/wp\/v2\/pages\/3165\/revisions\/3166"}],"up":[{"embeddable":true,"href":"http:\/\/kustr.org\/kusatlasi\/wp-json\/wp\/v2\/pages\/3048"}],"wp:featuredmedia":[{"embeddable":true,"href":"http:\/\/kustr.org\/kusatlasi\/wp-json\/wp\/v2\/media\/2325"}],"wp:attachment":[{"href":"http:\/\/kustr.org\/kusatlasi\/wp-json\/wp\/v2\/media?parent=3165"}],"curies":[{"name":"wp","href":"https:\/\/api.w.org\/{rel}","templated":true}]}}